{"id":6858,"date":"2026-01-29T12:57:23","date_gmt":"2026-01-29T12:57:23","guid":{"rendered":"https:\/\/sea-tec.it\/?page_id=6858"},"modified":"2026-02-18T19:09:34","modified_gmt":"2026-02-18T19:09:34","slug":"tavola-rotonda-compositi","status":"publish","type":"page","link":"https:\/\/sea-tec.it\/?page_id=6858","title":{"rendered":"Tavola Rotonda Compositi"},"content":{"rendered":"<p><div class=\"fusion-fullwidth fullwidth-box fusion-builder-row-1 fusion-flex-container fusion-parallax-none nonhundred-percent-fullwidth non-hundred-percent-height-scrolling lazyload\" style=\"--awb-background-position:center top;--awb-border-radius-top-left:0px;--awb-border-radius-top-right:0px;--awb-border-radius-bottom-right:0px;--awb-border-radius-bottom-left:0px;--awb-padding-top:18%;--awb-padding-bottom:12%;--awb-background-image:linear-gradient(0deg, hsla(var(--awb-color5-h),var(--awb-color5-s),var(--awb-color5-l),calc(var(--awb-color5-a) - 20%)) 0%,hsla(var(--awb-color8-h),var(--awb-color8-s),calc( var(--awb-color8-l) - 20% ),calc( var(--awb-color8-a) - 55% )) 100%);;--awb-background-size:cover;--awb-flex-wrap:wrap;\" data-bg=\"https:\/\/sea-tec.it\/wp-content\/uploads\/2022\/02\/qualitec-tech-header.jpg\" data-bg-gradient=\"linear-gradient(0deg, hsla(var(--awb-color5-h),var(--awb-color5-s),var(--awb-color5-l),calc(var(--awb-color5-a) - 20%)) 0%,hsla(var(--awb-color8-h),var(--awb-color8-s),calc( var(--awb-color8-l) - 20% ),calc( var(--awb-color8-a) - 55% )) 100%)\" ><div class=\"fusion-builder-row fusion-row fusion-flex-align-items-flex-start fusion-flex-content-wrap\" style=\"max-width:calc( 1200px + 0px );margin-left: calc(-0px \/ 2 );margin-right: calc(-0px \/ 2 );\"><div class=\"fusion-layout-column fusion_builder_column fusion-builder-column-0 fusion_builder_column_1_1 1_1 fusion-flex-column fusion-animated\" style=\"--awb-bg-position:center center;--awb-bg-size:cover;--awb-width-large:100%;--awb-margin-top-large:0px;--awb-spacing-right-large:0px;--awb-margin-bottom-large:0px;--awb-spacing-left-large:0px;--awb-width-medium:100%;--awb-spacing-right-medium:0px;--awb-spacing-left-medium:0px;--awb-width-small:100%;--awb-spacing-right-small:0px;--awb-spacing-left-small:0px;\" data-animationType=\"fadeInUp\" data-animationDuration=\"1.0\" data-animationOffset=\"top-into-view\"><div class=\"fusion-column-wrapper fusion-column-has-shadow fusion-flex-justify-content-flex-start fusion-content-layout-column\"><div class=\"fusion-title title fusion-title-1 fusion-sep-none fusion-title-center fusion-title-text fusion-title-size-one\" style=\"--awb-margin-bottom:0px;--awb-margin-top-small:0px;--awb-margin-right-small:0px;--awb-margin-bottom-small:0px;--awb-margin-left-small:0px;--awb-font-size:35px;\"><h1 class=\"fusion-title-heading title-heading-center fusion-responsive-typography-calculated\" style=\"font-family:&quot;Rubik&quot;;font-style:normal;font-weight:300;margin:0;font-size:1em;--fontSize:35;line-height:var(--awb-typography1-line-height);\"><p style=\"text-align: center;\">Tavola Rotonda<br \/>\n<i>Sostenibilit\u00e0 dei materiali, criteri ESG e LCA nella nautica: nuove prospettive per la filiera<\/i><\/p><\/h1><\/div><\/div><\/div><\/div><\/div><div class=\"fusion-fullwidth fullwidth-box fusion-builder-row-2 fusion-flex-container nonhundred-percent-fullwidth non-hundred-percent-height-scrolling\" style=\"--awb-border-radius-top-left:0px;--awb-border-radius-top-right:0px;--awb-border-radius-bottom-right:0px;--awb-border-radius-bottom-left:0px;--awb-padding-top:6%;--awb-flex-wrap:wrap;\" ><div class=\"fusion-builder-row fusion-row fusion-flex-align-items-flex-start fusion-flex-content-wrap\" style=\"max-width:calc( 1200px + 0px );margin-left: calc(-0px \/ 2 );margin-right: calc(-0px \/ 2 );\"><div class=\"fusion-layout-column fusion_builder_column fusion-builder-column-1 fusion_builder_column_1_2 1_2 fusion-flex-column fusion-animated\" style=\"--awb-padding-right:30px;--awb-padding-bottom:20px;--awb-padding-left:30px;--awb-bg-size:cover;--awb-width-large:50%;--awb-margin-top-large:0px;--awb-spacing-right-large:0px;--awb-margin-bottom-large:0px;--awb-spacing-left-large:0px;--awb-width-medium:100%;--awb-order-medium:0;--awb-spacing-right-medium:0px;--awb-spacing-left-medium:0px;--awb-width-small:100%;--awb-order-small:0;--awb-spacing-right-small:0px;--awb-spacing-left-small:0px;\" data-animationType=\"fadeInLeft\" data-animationDuration=\"1.0\" data-animationOffset=\"top-into-view\"><div class=\"fusion-column-wrapper fusion-column-has-shadow fusion-flex-justify-content-flex-start fusion-content-layout-column\"><br><div class=\"fusion-text fusion-text-1 fusion-animated\" style=\"--awb-font-size:21px;--awb-text-transform:none;\" data-animationType=\"fadeInDown\" data-animationDuration=\"1.3\" data-animationOffset=\"top-into-view\"><p><strong>La produzione additiva entra a vele spiegate nell\u2019ambito nautico<\/strong><\/p>\n<p>La tecnologia di stampa 3D ha gi\u00e0 rivoluzionato molti settori dell\u2019industria manifatturiera, ora anche il settore nautico sta adottando la produzione additiva a un ritmo crescente. Le aziende si stanno rivolgendo alla produzione additiva per migliorare l&#8217;efficienza produttiva, ridurre i costi e migliorare le prestazioni e la sostenibilit\u00e0 di tutto ci\u00f2 che riguarda il settore marittimo, che si tratti di barche, imbarcazioni, tavole da surf, navi.<\/p>\n<p>Le aziende stanno sviluppando componenti stampati in 3D in grado di soddisfare requisiti di idrodinamica e durata, riducendo al contempo gli sprechi, beneficiando di una maggiore flessibilit\u00e0 di progettazione e contrastando i blocchi della catena di approvvigionamento. Tecnologie innovative come la stampa 3D possono ridurre i costi di produzione e operativi, garantendo una solida catena di fornitura di pezzi di ricambio anche per navi e piattaforme offshore. Questa tecnologia pu\u00f2 produrre forme complesse, facilitando le riparazioni e la manutenzione. Tuttavia, il suo utilizzo deve essere facilitato da un&#8217;adeguata sensibilizzazione del pubblico, dalla predisposizione di procedure per la produzione di componenti stampati in 3D e dalla standardizzazione delle stampanti 3D.<\/p>\n<\/div><\/div><\/div><div class=\"fusion-layout-column fusion_builder_column fusion-builder-column-2 fusion_builder_column_1_2 1_2 fusion-flex-column fusion-animated\" style=\"--awb-padding-right:30px;--awb-padding-bottom:20px;--awb-padding-left:30px;--awb-bg-size:cover;--awb-width-large:50%;--awb-margin-top-large:0px;--awb-spacing-right-large:0px;--awb-margin-bottom-large:0px;--awb-spacing-left-large:0px;--awb-width-medium:100%;--awb-order-medium:0;--awb-spacing-right-medium:0px;--awb-spacing-left-medium:0px;--awb-width-small:100%;--awb-order-small:0;--awb-spacing-right-small:0px;--awb-spacing-left-small:0px;\" data-animationType=\"fadeInLeft\" data-animationDuration=\"1.0\" data-animationOffset=\"top-into-view\"><div class=\"fusion-column-wrapper fusion-column-has-shadow fusion-flex-justify-content-flex-start fusion-content-layout-column\"><br><div class=\"fusion-image-element \" style=\"text-align:center;--awb-caption-title-font-family:var(--h2_typography-font-family);--awb-caption-title-font-weight:var(--h2_typography-font-weight);--awb-caption-title-font-style:var(--h2_typography-font-style);--awb-caption-title-size:var(--h2_typography-font-size);--awb-caption-title-transform:var(--h2_typography-text-transform);--awb-caption-title-line-height:var(--h2_typography-line-height);--awb-caption-title-letter-spacing:var(--h2_typography-letter-spacing);\"><span class=\" fusion-imageframe imageframe-none imageframe-1 hover-type-none\"><img decoding=\"async\" width=\"1020\" height=\"1288\" title=\"cielo\" src=\"https:\/\/sea-tec.it\/wp-content\/uploads\/2026\/02\/cielo.png\" data-orig-src=\"https:\/\/sea-tec.it\/wp-content\/uploads\/2026\/02\/cielo.png\" alt class=\"lazyload img-responsive wp-image-6952\" srcset=\"data:image\/svg+xml,%3Csvg%20xmlns%3D%27http%3A%2F%2Fwww.w3.org%2F2000%2Fsvg%27%20width%3D%271020%27%20height%3D%271288%27%20viewBox%3D%270%200%201020%201288%27%3E%3Crect%20width%3D%271020%27%20height%3D%271288%27%20fill-opacity%3D%220%22%2F%3E%3C%2Fsvg%3E\" data-srcset=\"https:\/\/sea-tec.it\/wp-content\/uploads\/2026\/02\/cielo-200x253.png 200w, https:\/\/sea-tec.it\/wp-content\/uploads\/2026\/02\/cielo-400x505.png 400w, https:\/\/sea-tec.it\/wp-content\/uploads\/2026\/02\/cielo-600x758.png 600w, https:\/\/sea-tec.it\/wp-content\/uploads\/2026\/02\/cielo-800x1010.png 800w, https:\/\/sea-tec.it\/wp-content\/uploads\/2026\/02\/cielo.png 1020w\" data-sizes=\"auto\" data-orig-sizes=\"(max-width: 1024px) 100vw, (max-width: 640px) 100vw, 600px\" \/><\/span><\/div><\/div><\/div><\/div><\/div><div class=\"fusion-fullwidth fullwidth-box fusion-builder-row-3 fusion-flex-container fusion-parallax-none hundred-percent-fullwidth non-hundred-percent-height-scrolling lazyload\" style=\"--awb-border-radius-top-left:0px;--awb-border-radius-top-right:0px;--awb-border-radius-bottom-right:0px;--awb-border-radius-bottom-left:0px;--awb-padding-right:10%;--awb-padding-bottom:8%;--awb-padding-left:10%;--awb-background-color:rgba(82,190,236,0);--awb-background-image:linear-gradient(0deg, var(--awb-color6) 0%,rgba(50,148,210,0.53) 80%);;--awb-background-size:cover;--awb-flex-wrap:wrap;\" data-bg=\"https:\/\/sea-tec.it\/wp-content\/uploads\/2022\/01\/pexels-johannes-plenio-1103970-scaled.jpg\" data-bg-gradient=\"linear-gradient(0deg, var(--awb-color6) 0%,rgba(50,148,210,0.53) 80%)\" ><div class=\"fusion-builder-row fusion-row fusion-flex-align-items-flex-start fusion-flex-content-wrap\" style=\"width:104% !important;max-width:104% !important;margin-left: calc(-4% \/ 2 );margin-right: calc(-4% \/ 2 );\"><div class=\"fusion-layout-column fusion_builder_column fusion-builder-column-3 fusion_builder_column_1_1 1_1 fusion-flex-column fusion-animated\" style=\"--awb-padding-bottom:60px;--awb-bg-size:cover;--awb-width-large:100%;--awb-margin-top-large:0px;--awb-spacing-right-large:1.92%;--awb-margin-bottom-large:0px;--awb-spacing-left-large:1.92%;--awb-width-medium:100%;--awb-spacing-right-medium:1.92%;--awb-spacing-left-medium:1.92%;--awb-width-small:100%;--awb-spacing-right-small:1.92%;--awb-spacing-left-small:1.92%;\" data-animationType=\"fadeInDown\" data-animationDuration=\"1.0\" data-animationOffset=\"top-into-view\"><div class=\"fusion-column-wrapper fusion-column-has-shadow fusion-flex-justify-content-flex-start fusion-content-layout-column\"><div class=\"fusion-section-separator section-separator hills-opacity fusion-section-separator-1\" style=\"--awb-spacer-padding-top:17.7734375%;--awb-svg-margin-left:1.92%;--awb-svg-margin-right:1.92%;--awb-svg-margin-left-medium:1.92%;--awb-svg-margin-right-medium:1.92%;--awb-svg-margin-left-small:1.92%;--awb-svg-margin-right-small:1.92%;--awb-sep-font-size:0;--awb-sep-line-height:0;\"><div class=\"fusion-section-separator-svg\"><svg class=\"fusion-hills-opacity-candy\" xmlns=\"http:\/\/www.w3.org\/2000\/svg\" version=\"1.1\" width=\"100%\" viewBox=\"0 0 1024 182\" preserveAspectRatio=\"none\" fill=\"rgba(255,255,255,1)\"><path class=\"st0\" d=\"M0 0h1024v140.5C995.9 162 963.9 178 926.9 178c-112.8 0-198.1-93.8-289.8-93.8s-199.5 91-285.3 91-142.2-82.1-238.5-82.1c-63.1 0-75.7 31.6-113.3 53.6V0z\"\/>\n\t\t\t\t\t\t\t\t\t<path class=\"st1\" d=\"M1024 0v75.9C984.3 60 942.2 48.6 905.3 50.1c-110.4 4.5-191.8 109.8-325.5 116.2C470.6 171.5 235.6 46.1 150.3 0H1024z\"\/>\n\t\t\t\t\t\t\t\t\t<path class=\"st2\" d=\"M0 0h1024v92c-57.5 30.9-116.9 73.7-199.9 75-133.8 2-158.9-87.9-342-87.9S202.1 183.7 74.2 182c-27.8-.3-52.4-4.2-74.2-9.7V0z\"\/>\n\t\t\t\t\t\t\t\t\t<path class=\"st3\" d=\"M0 0h1024v101.6C986.8 82 943.3 66.3 884.4 65.4 733.3 63 742.8 94 585.9 94.6S447 47.6 280.4 50.9C132.8 53.6 91.2 137.5 0 154V0z\"\/>\n\t\t\t\t\t\t\t\t\t<path class=\"st4\" d=\"M0 0h1024v77.3c-49-20.1-120.5-42.4-193.2-42.1-128.9.5-159.8 72.3-255.8 72.3-89.1 0-134.7-80.2-245-82-110.4-1.8-160.9 57.2-280 59.2-17.2.3-33.9-1.8-50-5.7V0z\"\/>\n\t\t\t\t\t\t\t\t<\/svg><\/div><div class=\"fusion-section-separator-spacer\"><div class=\"fusion-section-separator-spacer-height\"><\/div><\/div><\/div><\/div><\/div><div class=\"fusion-layout-column fusion_builder_column fusion-builder-column-4 fusion_builder_column_1_1 1_1 fusion-flex-column\" style=\"--awb-bg-size:cover;--awb-width-large:100%;--awb-margin-top-large:0px;--awb-spacing-right-large:1.92%;--awb-margin-bottom-large:0px;--awb-spacing-left-large:1.92%;--awb-width-medium:100%;--awb-order-medium:0;--awb-spacing-right-medium:1.92%;--awb-spacing-left-medium:1.92%;--awb-width-small:100%;--awb-order-small:0;--awb-spacing-right-small:1.92%;--awb-spacing-left-small:1.92%;\"><div class=\"fusion-column-wrapper fusion-column-has-shadow fusion-flex-justify-content-flex-start fusion-content-layout-column\"><div class=\"fusion-content-boxes content-boxes columns row fusion-columns-1 fusion-columns-total-1 fusion-content-boxes-1 content-boxes-icon-with-title content-left\" style=\"--awb-hover-accent-color:var(--awb-color4);--awb-circle-hover-accent-color:var(--awb-color4);--awb-item-margin-bottom:40px;\" data-animationOffset=\"top-into-view\"><div style=\"--awb-backgroundcolor:#ffffff;\" class=\"fusion-column content-box-column content-box-column content-box-column-1 col-lg-12 col-md-12 col-sm-12 fusion-content-box-hover content-box-column-last content-box-column-last-in-row\"><div class=\"col content-box-wrapper content-wrapper-background link-area-link-icon icon-hover-animation-pulsate\" data-animationOffset=\"top-into-view\"><div class=\"heading icon-left\"><h2 class=\"content-box-heading fusion-responsive-typography-calculated\" style=\"--h2_typography-font-size:20px;--fontSize:20;line-height:var(--awb-typography1-line-height);\">La tecnologia alla base della stampa 3D nel settore nautico<\/h2><\/div><div class=\"fusion-clearfix\"><\/div><div class=\"content-container\">\n<p>La stampa 3D viene utilizzata per creare un&#8217;ampia variet\u00e0 di componenti nel settore nautico, inclusi componenti di scafi, eliche, timoni, pezzi di ricambio ecc. I materiali utilizzati possono variare da polimeri e compositi a metalli avanzati come titanio, acciaio e leghe di alluminio, ciascuno scelto in base alle prestazioni specifiche dell&#8217;applicazione e ai fattori ambientali.<\/p>\n<p>I materiali utilizzati nella produzione di componenti nautici devono essere leggeri, in grado di resistere a forti impatti senza danni, non assorbire acqua, essere naturalmente resistenti alla vegetazione marina, distribuire uniformemente il peso e possedere un certo alto grado di resistenza alla corrosione e ai raggi UV.<\/p>\n<p>Diverse tecniche di stampa 3D vengono utilizzate, FDM \u00e8 il metodo dominante mentre WAAM viene sempre pi\u00f9 utilizzato per componenti di grandi dimensioni come a esempio le eliche.<\/p>\n<p>I polimeri sono i materiali pi\u00f9 comuni per i componenti ma anche i compositi stanno diventando sempre pi\u00f9 popolari, essendo utilizzati per parti strutturali. I materiali termoplastici rinforzati con fibra di carbonio garantiscono un eccellente rapporto resistenza\/peso, perfetto per scafi e componenti ad alte prestazioni. La fibra di vetro \u00e8 ideale per strutture che richiedono una buona resistenza alla flessione e un buon rapporto costo-efficacia.<\/p>\n<p>Una delle principali sfide per un&#8217;ulteriore adozione \u00e8 garantire che i componenti siano sufficientemente sicuri da resistere in situazioni metereologiche avverse: i componenti stampati in 3D devono soddisfare rigorosi requisiti di prestazioni e sicurezza.<\/p>\n<\/div><\/div><\/div><div class=\"fusion-clearfix\"><\/div><\/div><\/div><\/div><\/div><\/div><div class=\"fusion-fullwidth fullwidth-box fusion-builder-row-4 fusion-flex-container has-pattern-background has-mask-background nonhundred-percent-fullwidth non-hundred-percent-height-scrolling\" style=\"--awb-border-radius-top-left:0px;--awb-border-radius-top-right:0px;--awb-border-radius-bottom-right:0px;--awb-border-radius-bottom-left:0px;--awb-flex-wrap:wrap;\" ><div class=\"fusion-builder-row fusion-row fusion-flex-align-items-flex-start fusion-flex-content-wrap\" style=\"max-width:1248px;margin-left: calc(-4% \/ 2 );margin-right: calc(-4% \/ 2 );\"><div class=\"fusion-layout-column fusion_builder_column fusion-builder-column-5 fusion_builder_column_1_1 1_1 fusion-flex-column\" style=\"--awb-bg-size:cover;--awb-width-large:100%;--awb-margin-top-large:0px;--awb-spacing-right-large:1.92%;--awb-margin-bottom-large:0px;--awb-spacing-left-large:1.92%;--awb-width-medium:100%;--awb-order-medium:0;--awb-spacing-right-medium:1.92%;--awb-spacing-left-medium:1.92%;--awb-width-small:100%;--awb-order-small:0;--awb-spacing-right-small:1.92%;--awb-spacing-left-small:1.92%;\"><div class=\"fusion-column-wrapper fusion-column-has-shadow fusion-flex-justify-content-flex-start fusion-content-layout-column\"><\/div><\/div><div class=\"fusion-layout-column fusion_builder_column fusion-builder-column-6 fusion_builder_column_1_1 1_1 fusion-flex-column fusion-animated\" style=\"--awb-padding-right:30px;--awb-padding-bottom:20px;--awb-padding-left:30px;--awb-bg-size:cover;--awb-width-large:100%;--awb-margin-top-large:0px;--awb-spacing-right-large:1.92%;--awb-margin-bottom-large:0px;--awb-spacing-left-large:1.92%;--awb-width-medium:100%;--awb-order-medium:0;--awb-spacing-right-medium:1.92%;--awb-spacing-left-medium:1.92%;--awb-width-small:100%;--awb-order-small:0;--awb-spacing-right-small:1.92%;--awb-spacing-left-small:1.92%;\" data-animationType=\"fadeInLeft\" data-animationDuration=\"1.0\" data-animationOffset=\"top-into-view\"><div class=\"fusion-column-wrapper fusion-column-has-shadow fusion-flex-justify-content-flex-start fusion-content-layout-column\"><div class=\"fusion-text fusion-text-2 fusion-animated\" style=\"--awb-font-size:21px;--awb-text-transform:none;--awb-margin-top:3%;\" data-animationType=\"fadeInDown\" data-animationDuration=\"1.3\" data-animationOffset=\"top-into-view\"><p><strong>Vantaggi della stampa 3D per la produzione di imbarcazioni<\/strong><\/p>\n<p>Uno dei vantaggi pi\u00f9 significativi della produzione di un&#8217;imbarcazione con la stampa 3D \u00e8 la libert\u00e0 che offre dai vincoli di progettazione. I metodi tradizionali di costruzione nautica si basano spesso su stampi e utensili dalle forme complesse e costosi, che richiedono elevati costi iniziali. Grazie alla stampa 3D, \u00e8 possibile realizzare progetti di imbarcazioni complessi e personalizzati senza dover sostenere spese iniziali, consentendo agli architetti navali di esplorare nuove possibilit\u00e0 per superare i limiti dell&#8217;estetica e della funzionalit\u00e0. l&#8217;AM \u00e8 rivoluzionaria anche per la prototipazione funzionale. Modelli di scafo, pale dell&#8217;elica e strutture interne possono essere testati, garantendo una buona efficienza positiva e idrodinamica prima di essere portati alla produzione finale, ottimizzando la progettazione riducendo al minimo i potenziali errori, ultimo ma non meno importante i tempi di consegna sono ridotti ed \u00e8 possibile la produzione on-demand.<\/p>\n<p>Concentrandosi sull&#8217;implementazione della stampa 3D di grande formato e ponendo l&#8217;accento sull&#8217;uso di materiali sostenibili, si sta aprendo la strada a questo cambiamento tecnologico.<\/p>\n<p>Inoltre, il processo di stampa 3D riduce al minimo la produzione di rifiuti, consente l&#8217;utilizzo di materiali riciclati ecocompatibili e riduce il consumo energetico complessivo, in linea con gli obiettivi ambientali globali. La stampa 3D di imbarcazioni si pone quindi come metodo di produzione ideale in un&#8217;epoca in cui la sostenibilit\u00e0 \u00e8 la massima priorit\u00e0. Cantieri, aziende tecnologiche, fornitori di materiali, servizi di stampa e istituti di ricerca lavorano fianco a fianco, promuovendo un ambiente in cui le idee sono scambiate, testate e perfezionate. Questo spirito collaborativo spinge avanti il settore garantendo che i pi\u00f9 recenti progressi vengano rapidamente integrati nel panorama della stampa 3D di imbarcazioni.<\/p>\n<\/div><\/div><\/div><\/div><\/div><\/p>\n","protected":false},"excerpt":{"rendered":"","protected":false},"author":1,"featured_media":0,"parent":0,"menu_order":0,"comment_status":"closed","ping_status":"closed","template":"100-width.php","meta":{"_monsterinsights_skip_tracking":false,"_monsterinsights_sitenote_active":false,"_monsterinsights_sitenote_note":"","_monsterinsights_sitenote_category":0,"footnotes":""},"class_list":["post-6858","page","type-page","status-publish","hentry"],"yoast_head":"<!-- This site is optimized with the Yoast SEO plugin v27.2 - https:\/\/yoast.com\/product\/yoast-seo-wordpress\/ -->\r\n<title>Tavola Rotonda Compositi - Seatec<\/title>\r\n<meta name=\"robots\" content=\"index, follow, max-snippet:-1, max-image-preview:large, max-video-preview:-1\" \/>\r\n<link rel=\"canonical\" href=\"https:\/\/sea-tec.it\/?page_id=6858\" \/>\r\n<meta property=\"og:locale\" content=\"it_IT\" \/>\r\n<meta property=\"og:type\" content=\"article\" \/>\r\n<meta property=\"og:title\" content=\"Tavola Rotonda Compositi - Seatec\" \/>\r\n<meta property=\"og:url\" content=\"https:\/\/sea-tec.it\/?page_id=6858\" \/>\r\n<meta property=\"og:site_name\" content=\"Seatec\" \/>\r\n<meta property=\"article:modified_time\" content=\"2026-02-18T19:09:34+00:00\" \/>\r\n<meta name=\"twitter:card\" content=\"summary_large_image\" \/>\r\n<meta name=\"twitter:label1\" content=\"Tempo di lettura stimato\" \/>\n\t<meta name=\"twitter:data1\" content=\"26 minuti\" \/>\r\n<script type=\"application\/ld+json\" class=\"yoast-schema-graph\">{\"@context\":\"https:\/\/schema.org\",\"@graph\":[{\"@type\":\"WebPage\",\"@id\":\"https:\/\/sea-tec.it\/?page_id=6858\",\"url\":\"https:\/\/sea-tec.it\/?page_id=6858\",\"name\":\"Tavola Rotonda Compositi - Seatec\",\"isPartOf\":{\"@id\":\"https:\/\/sea-tec.it\/#website\"},\"datePublished\":\"2026-01-29T12:57:23+00:00\",\"dateModified\":\"2026-02-18T19:09:34+00:00\",\"breadcrumb\":{\"@id\":\"https:\/\/sea-tec.it\/?page_id=6858#breadcrumb\"},\"inLanguage\":\"it-IT\",\"potentialAction\":[{\"@type\":\"ReadAction\",\"target\":[\"https:\/\/sea-tec.it\/?page_id=6858\"]}]},{\"@type\":\"BreadcrumbList\",\"@id\":\"https:\/\/sea-tec.it\/?page_id=6858#breadcrumb\",\"itemListElement\":[{\"@type\":\"ListItem\",\"position\":1,\"name\":\"Home\",\"item\":\"https:\/\/sea-tec.it\/\"},{\"@type\":\"ListItem\",\"position\":2,\"name\":\"Tavola Rotonda Compositi\"}]},{\"@type\":\"WebSite\",\"@id\":\"https:\/\/sea-tec.it\/#website\",\"url\":\"https:\/\/sea-tec.it\/\",\"name\":\"Seatec\",\"description\":\"Mediterranean Marine Tech Event\",\"publisher\":{\"@id\":\"https:\/\/sea-tec.it\/#organization\"},\"potentialAction\":[{\"@type\":\"SearchAction\",\"target\":{\"@type\":\"EntryPoint\",\"urlTemplate\":\"https:\/\/sea-tec.it\/?s={search_term_string}\"},\"query-input\":{\"@type\":\"PropertyValueSpecification\",\"valueRequired\":true,\"valueName\":\"search_term_string\"}}],\"inLanguage\":\"it-IT\"},{\"@type\":\"Organization\",\"@id\":\"https:\/\/sea-tec.it\/#organization\",\"name\":\"Seatec & Compotec Marine\",\"url\":\"https:\/\/sea-tec.it\/\",\"logo\":{\"@type\":\"ImageObject\",\"inLanguage\":\"it-IT\",\"@id\":\"https:\/\/sea-tec.it\/#\/schema\/logo\/image\/\",\"url\":\"https:\/\/sea-tec.it\/wp-content\/uploads\/2024\/11\/head-seatec-2025-eng.jpg\",\"contentUrl\":\"https:\/\/sea-tec.it\/wp-content\/uploads\/2024\/11\/head-seatec-2025-eng.jpg\",\"width\":1920,\"height\":1080,\"caption\":\"Seatec & Compotec Marine\"},\"image\":{\"@id\":\"https:\/\/sea-tec.it\/#\/schema\/logo\/image\/\"}}]}<\/script>\r\n<!-- \/ Yoast SEO plugin. -->","yoast_head_json":{"title":"Tavola Rotonda Compositi - Seatec","robots":{"index":"index","follow":"follow","max-snippet":"max-snippet:-1","max-image-preview":"max-image-preview:large","max-video-preview":"max-video-preview:-1"},"canonical":"https:\/\/sea-tec.it\/?page_id=6858","og_locale":"it_IT","og_type":"article","og_title":"Tavola Rotonda Compositi - Seatec","og_url":"https:\/\/sea-tec.it\/?page_id=6858","og_site_name":"Seatec","article_modified_time":"2026-02-18T19:09:34+00:00","twitter_card":"summary_large_image","twitter_misc":{"Tempo di lettura stimato":"26 minuti"},"schema":{"@context":"https:\/\/schema.org","@graph":[{"@type":"WebPage","@id":"https:\/\/sea-tec.it\/?page_id=6858","url":"https:\/\/sea-tec.it\/?page_id=6858","name":"Tavola Rotonda Compositi - Seatec","isPartOf":{"@id":"https:\/\/sea-tec.it\/#website"},"datePublished":"2026-01-29T12:57:23+00:00","dateModified":"2026-02-18T19:09:34+00:00","breadcrumb":{"@id":"https:\/\/sea-tec.it\/?page_id=6858#breadcrumb"},"inLanguage":"it-IT","potentialAction":[{"@type":"ReadAction","target":["https:\/\/sea-tec.it\/?page_id=6858"]}]},{"@type":"BreadcrumbList","@id":"https:\/\/sea-tec.it\/?page_id=6858#breadcrumb","itemListElement":[{"@type":"ListItem","position":1,"name":"Home","item":"https:\/\/sea-tec.it\/"},{"@type":"ListItem","position":2,"name":"Tavola Rotonda Compositi"}]},{"@type":"WebSite","@id":"https:\/\/sea-tec.it\/#website","url":"https:\/\/sea-tec.it\/","name":"Seatec","description":"Mediterranean Marine Tech Event","publisher":{"@id":"https:\/\/sea-tec.it\/#organization"},"potentialAction":[{"@type":"SearchAction","target":{"@type":"EntryPoint","urlTemplate":"https:\/\/sea-tec.it\/?s={search_term_string}"},"query-input":{"@type":"PropertyValueSpecification","valueRequired":true,"valueName":"search_term_string"}}],"inLanguage":"it-IT"},{"@type":"Organization","@id":"https:\/\/sea-tec.it\/#organization","name":"Seatec & Compotec Marine","url":"https:\/\/sea-tec.it\/","logo":{"@type":"ImageObject","inLanguage":"it-IT","@id":"https:\/\/sea-tec.it\/#\/schema\/logo\/image\/","url":"https:\/\/sea-tec.it\/wp-content\/uploads\/2024\/11\/head-seatec-2025-eng.jpg","contentUrl":"https:\/\/sea-tec.it\/wp-content\/uploads\/2024\/11\/head-seatec-2025-eng.jpg","width":1920,"height":1080,"caption":"Seatec & Compotec Marine"},"image":{"@id":"https:\/\/sea-tec.it\/#\/schema\/logo\/image\/"}}]}},"_links":{"self":[{"href":"https:\/\/sea-tec.it\/index.php?rest_route=\/wp\/v2\/pages\/6858","targetHints":{"allow":["GET"]}}],"collection":[{"href":"https:\/\/sea-tec.it\/index.php?rest_route=\/wp\/v2\/pages"}],"about":[{"href":"https:\/\/sea-tec.it\/index.php?rest_route=\/wp\/v2\/types\/page"}],"author":[{"embeddable":true,"href":"https:\/\/sea-tec.it\/index.php?rest_route=\/wp\/v2\/users\/1"}],"replies":[{"embeddable":true,"href":"https:\/\/sea-tec.it\/index.php?rest_route=%2Fwp%2Fv2%2Fcomments&post=6858"}],"version-history":[{"count":7,"href":"https:\/\/sea-tec.it\/index.php?rest_route=\/wp\/v2\/pages\/6858\/revisions"}],"predecessor-version":[{"id":6953,"href":"https:\/\/sea-tec.it\/index.php?rest_route=\/wp\/v2\/pages\/6858\/revisions\/6953"}],"wp:attachment":[{"href":"https:\/\/sea-tec.it\/index.php?rest_route=%2Fwp%2Fv2%2Fmedia&parent=6858"}],"curies":[{"name":"wp","href":"https:\/\/api.w.org\/{rel}","templated":true}]}}