{"id":6434,"date":"2025-05-28T16:17:51","date_gmt":"2025-05-28T16:17:51","guid":{"rendered":"https:\/\/sea-tec.it\/?page_id=6434"},"modified":"2025-05-28T16:17:51","modified_gmt":"2025-05-28T16:17:51","slug":"composite-recycling-beneteau","status":"publish","type":"page","link":"https:\/\/sea-tec.it\/?page_id=6434&lang=en","title":{"rendered":"Composite Recycling Beneteau"},"content":{"rendered":"<p><div class=\"fusion-fullwidth fullwidth-box fusion-builder-row-1 fusion-flex-container nonhundred-percent-fullwidth non-hundred-percent-height-scrolling\" style=\"--awb-border-radius-top-left:0px;--awb-border-radius-top-right:0px;--awb-border-radius-bottom-right:0px;--awb-border-radius-bottom-left:0px;--awb-padding-top:6%;--awb-padding-bottom:4%;--awb-flex-wrap:wrap;\" ><div class=\"fusion-builder-row fusion-row fusion-flex-align-items-flex-start fusion-flex-content-wrap\" style=\"max-width:calc( 1200px + 0px );margin-left: calc(-0px \/ 2 );margin-right: calc(-0px \/ 2 );\"><div class=\"fusion-layout-column fusion_builder_column fusion-builder-column-0 fusion_builder_column_1_1 1_1 fusion-flex-column fusion-animated\" style=\"--awb-padding-bottom:20px;--awb-bg-size:cover;--awb-width-large:100%;--awb-margin-top-large:0px;--awb-spacing-right-large:0px;--awb-margin-bottom-large:0px;--awb-spacing-left-large:0px;--awb-width-medium:100%;--awb-spacing-right-medium:0px;--awb-spacing-left-medium:0px;--awb-width-small:100%;--awb-spacing-right-small:0px;--awb-spacing-left-small:0px;\" data-animationType=\"fadeInUp\" data-animationDuration=\"1.0\" data-animationOffset=\"top-into-view\"><div class=\"fusion-column-wrapper fusion-column-has-shadow fusion-flex-justify-content-flex-start fusion-content-layout-column\"><i class=\"fb-icon-element-1 fb-icon-element fontawesome-icon fa-comments fas circle-yes\" style=\"--awb-circlecolor:var(--awb-color5);--awb-circlebordersize:0px;--awb-font-size:28.16px;--awb-width:56.32px;--awb-height:56.32px;--awb-line-height:56.32px;--awb-margin-top:0;--awb-margin-right:0;--awb-margin-bottom:0;--awb-margin-left:0;--awb-align-self:center;\"><\/i><br><div class=\"fusion-image-element \" style=\"text-align:center;--awb-caption-title-font-family:var(--h2_typography-font-family);--awb-caption-title-font-weight:var(--h2_typography-font-weight);--awb-caption-title-font-style:var(--h2_typography-font-style);--awb-caption-title-size:var(--h2_typography-font-size);--awb-caption-title-transform:var(--h2_typography-text-transform);--awb-caption-title-line-height:var(--h2_typography-line-height);--awb-caption-title-letter-spacing:var(--h2_typography-letter-spacing);\"><span class=\" fusion-imageframe imageframe-none imageframe-1 hover-type-none\"><img decoding=\"async\" width=\"1200\" height=\"516\" title=\"riciclo\" src=\"https:\/\/sea-tec.it\/wp-content\/uploads\/2025\/05\/riciclo.jpg\" data-orig-src=\"https:\/\/sea-tec.it\/wp-content\/uploads\/2025\/05\/riciclo.jpg\" alt class=\"lazyload img-responsive wp-image-6419\" srcset=\"data:image\/svg+xml,%3Csvg%20xmlns%3D%27http%3A%2F%2Fwww.w3.org%2F2000%2Fsvg%27%20width%3D%271200%27%20height%3D%27516%27%20viewBox%3D%270%200%201200%20516%27%3E%3Crect%20width%3D%271200%27%20height%3D%27516%27%20fill-opacity%3D%220%22%2F%3E%3C%2Fsvg%3E\" data-srcset=\"https:\/\/sea-tec.it\/wp-content\/uploads\/2025\/05\/riciclo-200x86.jpg 200w, https:\/\/sea-tec.it\/wp-content\/uploads\/2025\/05\/riciclo-400x172.jpg 400w, https:\/\/sea-tec.it\/wp-content\/uploads\/2025\/05\/riciclo-600x258.jpg 600w, https:\/\/sea-tec.it\/wp-content\/uploads\/2025\/05\/riciclo-800x344.jpg 800w, https:\/\/sea-tec.it\/wp-content\/uploads\/2025\/05\/riciclo.jpg 1200w\" data-sizes=\"auto\" data-orig-sizes=\"(max-width: 1024px) 100vw, (max-width: 640px) 100vw, 1200px\" \/><\/span><\/div><br><div class=\"fusion-title title fusion-title-1 fusion-sep-none fusion-title-center fusion-title-text fusion-title-size-two fusion-animated\" style=\"--awb-text-color:var(--awb-color6);--awb-margin-top:30px;--awb-margin-top-small:0px;--awb-margin-right-small:0px;--awb-margin-bottom-small:20px;--awb-margin-left-small:0px;--awb-font-size:32px;\" data-animationType=\"fadeInDown\" data-animationDuration=\"1.1\" data-animationOffset=\"top-into-view\"><h2 class=\"fusion-title-heading title-heading-center fusion-responsive-typography-calculated\" style=\"font-family:&quot;Rubik&quot;;font-style:normal;font-weight:300;margin:0;letter-spacing:1.1px;font-size:1em;--fontSize:32;line-height:var(--awb-typography1-line-height);\"><p class=\"p1\" style=\"text-align: center;\">BUILDING IN CIRCLES: COMPOSITE RECYCLING PARTNERS WITH BENETEAU<\/p><\/h2><\/div><br><div class=\"fusion-text fusion-text-1 fusion-animated\" style=\"--awb-font-size:21px;--awb-text-transform:none;\" data-animationType=\"fadeInDown\" data-animationDuration=\"1.3\" data-animationOffset=\"top-into-view\"><p data-start=\"76\" data-end=\"523\">Recycling end-of-life composite boats or the production waste from composite boat building has been a subject of interest at IBEX and Professional BoatBuilder during the past decade. As with many emerging materials and processes, we started with experimental projects and proof-of-concept prototypes including the promising potential for composites made from thermoplastic resin to be recycled.<\/p>\n<p data-start=\"76\" data-end=\"523\">For the most part that meant grinding the clean thermoplastic composite waste into a material that could be included in new composite structures. But the ability to break down the resin at a molecular level allowing for reclamation of fibers and resin separately, remained largely a theoretical possibility with no industrial-scale application\u2026until now. Last month, a coalition of boatbuilders, waste experts, and composite and chemical companies announced an operating circular economy model for marine composites manufacturers.<\/p>\n<p data-start=\"76\" data-end=\"523\">They include French boatbuilding giant, Groupe Beneteau; Veolia, a global leader in waste management and environmental services; composite-waste-recycling startup, Composite Recycling; Arkema, a French coatings and materials company; fiberglass manufacturer, Owens Corning; and Chomarat, specialists in technical textiles and composite reinforcements. The project, based around Beneteau\u2019s production facilities in Western France, is currently limited to production waste from models built with Arkema\u2019s Elium thermoplastic resin. By subjecting the cutoffs and trim to Composite Recycling\u2019s thermolysis process, oil from the resin and clean fibers (glass or carbon fiber) can be reclaimed, returned to the resin and textile manufacturers, reformulated or rewoven, and delivered back to Beneteau to build new boats.<\/p>\n<p data-start=\"76\" data-end=\"523\">The Disposal Conundrum Last week, I spoke with Guillaume Perben, co-founder of Swiss-based Composite Recycling about the genesis of the project, which holds promise for marine and other manufacturing sectors facing regulatory and market changes that have boosted the demand for composite solutions and simultaneously presented obstacles to their adoption. In this instance, it\u2019s the boatbuilders who are leading the development. It started in 2021, Perben said, as he and his naval-architect brother contemplated the long-term fate of their 30\u2032 (9.1m) fiberglass sailboat. The landfill seemed the most likely final resting place, but Perben knew how much entrained energy and still useful chemicals and fiber would remain in the hull structure. After decades in business development and restructuring in the automotive sector, he had worked most recently for a tire-recycling effort that relied on pyrolysis (heating in excess of 500\u00b0C\/ 932\u00b0F) to reclaim useful material (gas and oil) from discarded rubber. \u201cI asked, \u2018Would that technology for the tires work for composites?\u2019\u201d he recalled.<\/p>\n<p data-start=\"76\" data-end=\"523\">For an answer he turned to V\u00e9ronique Michaud who leads the Laboratory for Processing of Advanced Composites at \u00c9cole Polytechnique F\u00e9d\u00e9rale de Lausanne in Switzerland. She told him it was possible and relatively common knowledge, but when Perben checked with some naval architect friends, they were in the dark and very interested in knowing there was a solution to the growing challenge of composite boat and production waste disposal. \u201cWe saw such a gap between the industry and the science,\u201d Perben said. He went back to Michaud who lent him some engineers and a small thermolysis machine to prove the technology. By the end of 2021 he and his colleague Pascal Gallo had founded the company, raised some funds, and built their first machine for testing real-life samples of composite materials to determine their recyclability.<\/p>\n<p data-start=\"76\" data-end=\"523\">While the technology was sound, Perben knew they would have to prove the value chain to customers to stay relevant. To date the company has conducted about 500 tests, he said, mostly for automotive, aerospace, and associated industries. They have about 50 commercial clients who rely on Composite Recycling to prove that switching to composites doesn\u2019t make a product less recyclable. For instance, if a supplier is looking to replace steel leaf springs in automotive suspension with composite structure, the car builder might balk at the shift because they need to make as much of each vehicle recyclable as possible. Composite Recycling can document and quantify the recyclability and carbon footprint of the composite option. Perben noted that shifts in the regulatory landscape prohibiting disposal of composite waste at landfills in many European countries pushed the company to focus on production waste not disposal of derelict boats.<\/p>\n<p data-start=\"76\" data-end=\"523\">The latter challenge remains but is complicated by the unknowable chemistry that enters the waste stream in the form of anti-fouling coatings and other contaminants on a well-used boat. \u201cWe will be able to recycle old boats someday,\u201d he said, but \u201cproduction scraps are the priority now.\u201d Portable thermolysis unit. Courtesy Composite Recycling The 30\u2032 (9.1m) portable thermolysis units can process 400 tons of composite waste annually. Test-drive at Beneteau This gets us back to the Beneteau project, fueled by the boatbuilders\u2019 desire to limit or eliminate composite waste from production.<\/p>\n<p data-start=\"76\" data-end=\"523\">Because the waste is uniform and its content predictable, Beneteau\u2019s challenge suits Composite Recycling as they scale and fine-tune their recycling process. \u201cWe started with the Elium-based composites because we had excellent results with that resin,\u201d Perben said. Conveniently, Beneteau is producing at least one model line using that chemistry from Arkema. \u201cOur Jeanneau Sun Fast 30 One Design models and, more recently, Beneteau Oceanis Yacht 60 perfectly illustrate that circular manufacturing in the nautical sector is no longer a simple goal, but a tangible reality,\u201d said Erwan Faoucher, Vice President Innovation &amp; Sustainable Development of Groupe Beneteau in the project announcement. As composite waste comes off the production line at Beneteau, it is cut into flat sections and consigned to specific containers for disposal. Waste-management company Veolia trucks the scrap to a nearby site where a portable thermolysis unit from Composite Recycling has been installed. The 30\u2019 (9.1m) containerized machine can process 400 tons of composite waste annually and can be moved over the road to whatever location is most expedient as production needs shift.<\/p>\n<p data-start=\"76\" data-end=\"523\">Perben: \u201cWe open the oven\u2014imagine a 2m x 2m x 2m pizza oven with racks. We put the flat pieces on the racks, but they are not piled up\u2026we need the heat to circulate between the layers of composites.\u201d The 500 kg (1,102 lb) load cooks for between three and four hours. \u201cYou heat it with no oxygen,\u201d Perben explained. \u201cThat means there is no combustion. Instead of burning, the resin (the plastic part) is vaporized. Then we condense that vapor to get different levels of oil.\u201d He said the yield from the Elium composites include over 80% of the N-methylolacrylamide (NMA) that went into the resin. Arkema picks that distillate up to reuse in new Elium resin that goes back to Beneteau for the next round of production. Similarly, the calcinated glass fibers go to Owens Corning\u2019s new plant powered by hydro power from the Rhone River, to be melted and spun into new fiber to be woven into fiberglass roving for use back at Beneteau. That\u2019s the simplified version. In truth there\u2019s uncertainty and nuance to the process as they develop techniques and practical measures to meet client demands.<\/p>\n<p data-start=\"76\" data-end=\"523\">For instance, Perben noted that the waste from Beneteau includes polyester-based gelcoat on the Elium hull laminates. \u201cBy working the treatment parameters (timing and temperature), we manage to separate these two, so we get oil from polyester in one tank and oil from Elium in the other.\u201d Beyond Thermoplastics Perben is clear that while Elium resin is the easiest for the Composite Recycling mobile units to process right now, the technology can successfully reclaim elements of epoxy- and polyester-based laminates as well. He explained that the thermolysis process can yield a diesel-fuel equivalent from polyester resin, but the resulting fuel would not be approved for combustion in Europe. But by fussing with the treatment parameters again, they can extract phenol from epoxy composites and styrene from polyester. \u201cThose are very interesting to make new plastics,\u201d he said.<\/p>\n<p data-start=\"76\" data-end=\"523\">And plastic can be recycled as many as eight times. That\u2019s significantly better than burning the distillate as diesel fuel once. Perben said ideally the evolving recycling technology would become part of the design and build planning, informing choices of coatings and core materials as well as fiber and resins. \u201cIf you\u2019re smart with the way you build your new boats that means they will be less expensive to recycle. That means the extra cost for you as a producer of waste is reduced,\u201d he said. With luck there will come a day when he could recycle his boat that inspired the project. For now, he said, that boat\u2019s still sailing.<\/p>\n<p data-start=\"76\" data-end=\"523\">Source: Proboat.com<\/p>\n<\/div><br><div style=\"text-align:center;\"><a class=\"fusion-button button-flat fusion-button-default-size button-default fusion-button-default button-1 fusion-button-default-span fusion-button-default-type\" target=\"_blank\" rel=\"noopener noreferrer\" href=\"https:\/\/www.proboat.com\/2025\/05\/composite-recycling-beneteau-materials-industry-leaders-reclaim-boatbuilders-production-waste\/?utm_source=MC&amp;utm_medium=Email&amp;utm_term=content&amp;utm_content=Link&amp;utm_campaign=Email-PBB-2025-05-15\"><span class=\"fusion-button-text awb-button__text awb-button__text--default\">READ ON PROBOAT.COM<\/span><\/a><\/div><br><\/div><\/div><\/div><\/div><\/p>\n","protected":false},"excerpt":{"rendered":"","protected":false},"author":1,"featured_media":0,"parent":0,"menu_order":0,"comment_status":"closed","ping_status":"closed","template":"","meta":{"_monsterinsights_skip_tracking":false,"_monsterinsights_sitenote_active":false,"_monsterinsights_sitenote_note":"","_monsterinsights_sitenote_category":0,"footnotes":""},"class_list":["post-6434","page","type-page","status-publish","hentry"],"yoast_head":"<!-- This site is optimized with the Yoast SEO plugin v27.4 - https:\/\/yoast.com\/product\/yoast-seo-wordpress\/ -->\r\n<title>Composite Recycling Beneteau - Seatec<\/title>\r\n<meta name=\"robots\" content=\"index, follow, max-snippet:-1, max-image-preview:large, max-video-preview:-1\" \/>\r\n<link rel=\"canonical\" href=\"https:\/\/sea-tec.it\/?page_id=6434&lang=en\" \/>\r\n<meta property=\"og:locale\" content=\"it_IT\" \/>\r\n<meta property=\"og:type\" content=\"article\" \/>\r\n<meta property=\"og:title\" content=\"Composite Recycling Beneteau - Seatec\" \/>\r\n<meta property=\"og:url\" content=\"https:\/\/sea-tec.it\/?page_id=6434&amp;lang=en\" \/>\r\n<meta property=\"og:site_name\" content=\"Seatec\" \/>\r\n<meta name=\"twitter:card\" content=\"summary_large_image\" \/>\r\n<meta name=\"twitter:label1\" content=\"Tempo di lettura stimato\" \/>\n\t<meta name=\"twitter:data1\" content=\"18 minuti\" \/>\r\n<script type=\"application\/ld+json\" class=\"yoast-schema-graph\">{\"@context\":\"https:\\\/\\\/schema.org\",\"@graph\":[{\"@type\":\"WebPage\",\"@id\":\"https:\\\/\\\/sea-tec.it\\\/?page_id=6434&lang=en\",\"url\":\"https:\\\/\\\/sea-tec.it\\\/?page_id=6434&lang=en\",\"name\":\"Composite Recycling Beneteau - Seatec\",\"isPartOf\":{\"@id\":\"https:\\\/\\\/sea-tec.it\\\/#website\"},\"datePublished\":\"2025-05-28T16:17:51+00:00\",\"breadcrumb\":{\"@id\":\"https:\\\/\\\/sea-tec.it\\\/?page_id=6434&lang=en#breadcrumb\"},\"inLanguage\":\"it-IT\",\"potentialAction\":[{\"@type\":\"ReadAction\",\"target\":[\"https:\\\/\\\/sea-tec.it\\\/?page_id=6434&lang=en\"]}]},{\"@type\":\"BreadcrumbList\",\"@id\":\"https:\\\/\\\/sea-tec.it\\\/?page_id=6434&lang=en#breadcrumb\",\"itemListElement\":[{\"@type\":\"ListItem\",\"position\":1,\"name\":\"Home\",\"item\":\"https:\\\/\\\/sea-tec.it\\\/\"},{\"@type\":\"ListItem\",\"position\":2,\"name\":\"Composite Recycling Beneteau\"}]},{\"@type\":\"WebSite\",\"@id\":\"https:\\\/\\\/sea-tec.it\\\/#website\",\"url\":\"https:\\\/\\\/sea-tec.it\\\/\",\"name\":\"Seatec\",\"description\":\"Mediterranean Marine Tech Event\",\"publisher\":{\"@id\":\"https:\\\/\\\/sea-tec.it\\\/#organization\"},\"potentialAction\":[{\"@type\":\"SearchAction\",\"target\":{\"@type\":\"EntryPoint\",\"urlTemplate\":\"https:\\\/\\\/sea-tec.it\\\/?s={search_term_string}\"},\"query-input\":{\"@type\":\"PropertyValueSpecification\",\"valueRequired\":true,\"valueName\":\"search_term_string\"}}],\"inLanguage\":\"it-IT\"},{\"@type\":\"Organization\",\"@id\":\"https:\\\/\\\/sea-tec.it\\\/#organization\",\"name\":\"Seatec & Compotec Marine\",\"url\":\"https:\\\/\\\/sea-tec.it\\\/\",\"logo\":{\"@type\":\"ImageObject\",\"inLanguage\":\"it-IT\",\"@id\":\"https:\\\/\\\/sea-tec.it\\\/#\\\/schema\\\/logo\\\/image\\\/\",\"url\":\"https:\\\/\\\/sea-tec.it\\\/wp-content\\\/uploads\\\/2024\\\/11\\\/head-seatec-2025-eng.jpg\",\"contentUrl\":\"https:\\\/\\\/sea-tec.it\\\/wp-content\\\/uploads\\\/2024\\\/11\\\/head-seatec-2025-eng.jpg\",\"width\":1920,\"height\":1080,\"caption\":\"Seatec & Compotec Marine\"},\"image\":{\"@id\":\"https:\\\/\\\/sea-tec.it\\\/#\\\/schema\\\/logo\\\/image\\\/\"}}]}<\/script>\r\n<!-- \/ Yoast SEO plugin. -->","yoast_head_json":{"title":"Composite Recycling Beneteau - Seatec","robots":{"index":"index","follow":"follow","max-snippet":"max-snippet:-1","max-image-preview":"max-image-preview:large","max-video-preview":"max-video-preview:-1"},"canonical":"https:\/\/sea-tec.it\/?page_id=6434&lang=en","og_locale":"it_IT","og_type":"article","og_title":"Composite Recycling Beneteau - Seatec","og_url":"https:\/\/sea-tec.it\/?page_id=6434&lang=en","og_site_name":"Seatec","twitter_card":"summary_large_image","twitter_misc":{"Tempo di lettura stimato":"18 minuti"},"schema":{"@context":"https:\/\/schema.org","@graph":[{"@type":"WebPage","@id":"https:\/\/sea-tec.it\/?page_id=6434&lang=en","url":"https:\/\/sea-tec.it\/?page_id=6434&lang=en","name":"Composite Recycling Beneteau - Seatec","isPartOf":{"@id":"https:\/\/sea-tec.it\/#website"},"datePublished":"2025-05-28T16:17:51+00:00","breadcrumb":{"@id":"https:\/\/sea-tec.it\/?page_id=6434&lang=en#breadcrumb"},"inLanguage":"it-IT","potentialAction":[{"@type":"ReadAction","target":["https:\/\/sea-tec.it\/?page_id=6434&lang=en"]}]},{"@type":"BreadcrumbList","@id":"https:\/\/sea-tec.it\/?page_id=6434&lang=en#breadcrumb","itemListElement":[{"@type":"ListItem","position":1,"name":"Home","item":"https:\/\/sea-tec.it\/"},{"@type":"ListItem","position":2,"name":"Composite Recycling Beneteau"}]},{"@type":"WebSite","@id":"https:\/\/sea-tec.it\/#website","url":"https:\/\/sea-tec.it\/","name":"Seatec","description":"Mediterranean Marine Tech Event","publisher":{"@id":"https:\/\/sea-tec.it\/#organization"},"potentialAction":[{"@type":"SearchAction","target":{"@type":"EntryPoint","urlTemplate":"https:\/\/sea-tec.it\/?s={search_term_string}"},"query-input":{"@type":"PropertyValueSpecification","valueRequired":true,"valueName":"search_term_string"}}],"inLanguage":"it-IT"},{"@type":"Organization","@id":"https:\/\/sea-tec.it\/#organization","name":"Seatec & Compotec Marine","url":"https:\/\/sea-tec.it\/","logo":{"@type":"ImageObject","inLanguage":"it-IT","@id":"https:\/\/sea-tec.it\/#\/schema\/logo\/image\/","url":"https:\/\/sea-tec.it\/wp-content\/uploads\/2024\/11\/head-seatec-2025-eng.jpg","contentUrl":"https:\/\/sea-tec.it\/wp-content\/uploads\/2024\/11\/head-seatec-2025-eng.jpg","width":1920,"height":1080,"caption":"Seatec & Compotec Marine"},"image":{"@id":"https:\/\/sea-tec.it\/#\/schema\/logo\/image\/"}}]}},"_links":{"self":[{"href":"https:\/\/sea-tec.it\/index.php?rest_route=\/wp\/v2\/pages\/6434","targetHints":{"allow":["GET"]}}],"collection":[{"href":"https:\/\/sea-tec.it\/index.php?rest_route=\/wp\/v2\/pages"}],"about":[{"href":"https:\/\/sea-tec.it\/index.php?rest_route=\/wp\/v2\/types\/page"}],"author":[{"embeddable":true,"href":"https:\/\/sea-tec.it\/index.php?rest_route=\/wp\/v2\/users\/1"}],"replies":[{"embeddable":true,"href":"https:\/\/sea-tec.it\/index.php?rest_route=%2Fwp%2Fv2%2Fcomments&post=6434"}],"version-history":[{"count":1,"href":"https:\/\/sea-tec.it\/index.php?rest_route=\/wp\/v2\/pages\/6434\/revisions"}],"predecessor-version":[{"id":6435,"href":"https:\/\/sea-tec.it\/index.php?rest_route=\/wp\/v2\/pages\/6434\/revisions\/6435"}],"wp:attachment":[{"href":"https:\/\/sea-tec.it\/index.php?rest_route=%2Fwp%2Fv2%2Fmedia&parent=6434"}],"curies":[{"name":"wp","href":"https:\/\/api.w.org\/{rel}","templated":true}]}}