{"id":6432,"date":"2025-05-28T16:14:29","date_gmt":"2025-05-28T16:14:29","guid":{"rendered":"https:\/\/sea-tec.it\/?page_id=6432"},"modified":"2025-05-28T16:14:29","modified_gmt":"2025-05-28T16:14:29","slug":"riciclo-compositi-a-beneteau","status":"publish","type":"page","link":"https:\/\/sea-tec.it\/?page_id=6432","title":{"rendered":"Riciclo compositi a Beneteau"},"content":{"rendered":"<p><div class=\"fusion-fullwidth fullwidth-box fusion-builder-row-1 fusion-flex-container nonhundred-percent-fullwidth non-hundred-percent-height-scrolling\" style=\"--awb-border-radius-top-left:0px;--awb-border-radius-top-right:0px;--awb-border-radius-bottom-right:0px;--awb-border-radius-bottom-left:0px;--awb-padding-top:6%;--awb-padding-bottom:4%;--awb-flex-wrap:wrap;\" ><div class=\"fusion-builder-row fusion-row fusion-flex-align-items-flex-start fusion-flex-content-wrap\" style=\"max-width:calc( 1200px + 0px );margin-left: calc(-0px \/ 2 );margin-right: calc(-0px \/ 2 );\"><div class=\"fusion-layout-column fusion_builder_column fusion-builder-column-0 fusion_builder_column_1_1 1_1 fusion-flex-column fusion-animated\" style=\"--awb-padding-bottom:20px;--awb-bg-size:cover;--awb-width-large:100%;--awb-margin-top-large:0px;--awb-spacing-right-large:0px;--awb-margin-bottom-large:0px;--awb-spacing-left-large:0px;--awb-width-medium:100%;--awb-spacing-right-medium:0px;--awb-spacing-left-medium:0px;--awb-width-small:100%;--awb-spacing-right-small:0px;--awb-spacing-left-small:0px;\" data-animationType=\"fadeInUp\" data-animationDuration=\"1.0\" data-animationOffset=\"top-into-view\"><div class=\"fusion-column-wrapper fusion-column-has-shadow fusion-flex-justify-content-flex-start fusion-content-layout-column\"><i class=\"fb-icon-element-1 fb-icon-element fontawesome-icon fa-comments fas circle-yes\" style=\"--awb-circlecolor:var(--awb-color5);--awb-circlebordersize:0px;--awb-font-size:28.16px;--awb-width:56.32px;--awb-height:56.32px;--awb-line-height:56.32px;--awb-margin-top:0;--awb-margin-right:0;--awb-margin-bottom:0;--awb-margin-left:0;--awb-align-self:center;\"><\/i><br><div class=\"fusion-image-element \" style=\"text-align:center;--awb-caption-title-font-family:var(--h2_typography-font-family);--awb-caption-title-font-weight:var(--h2_typography-font-weight);--awb-caption-title-font-style:var(--h2_typography-font-style);--awb-caption-title-size:var(--h2_typography-font-size);--awb-caption-title-transform:var(--h2_typography-text-transform);--awb-caption-title-line-height:var(--h2_typography-line-height);--awb-caption-title-letter-spacing:var(--h2_typography-letter-spacing);\"><span class=\" fusion-imageframe imageframe-none imageframe-1 hover-type-none\"><img decoding=\"async\" width=\"1200\" height=\"516\" title=\"riciclo\" src=\"https:\/\/sea-tec.it\/wp-content\/uploads\/2025\/05\/riciclo.jpg\" data-orig-src=\"https:\/\/sea-tec.it\/wp-content\/uploads\/2025\/05\/riciclo.jpg\" alt class=\"lazyload img-responsive wp-image-6419\" srcset=\"data:image\/svg+xml,%3Csvg%20xmlns%3D%27http%3A%2F%2Fwww.w3.org%2F2000%2Fsvg%27%20width%3D%271200%27%20height%3D%27516%27%20viewBox%3D%270%200%201200%20516%27%3E%3Crect%20width%3D%271200%27%20height%3D%27516%27%20fill-opacity%3D%220%22%2F%3E%3C%2Fsvg%3E\" data-srcset=\"https:\/\/sea-tec.it\/wp-content\/uploads\/2025\/05\/riciclo-200x86.jpg 200w, https:\/\/sea-tec.it\/wp-content\/uploads\/2025\/05\/riciclo-400x172.jpg 400w, https:\/\/sea-tec.it\/wp-content\/uploads\/2025\/05\/riciclo-600x258.jpg 600w, https:\/\/sea-tec.it\/wp-content\/uploads\/2025\/05\/riciclo-800x344.jpg 800w, https:\/\/sea-tec.it\/wp-content\/uploads\/2025\/05\/riciclo.jpg 1200w\" data-sizes=\"auto\" data-orig-sizes=\"(max-width: 1024px) 100vw, (max-width: 640px) 100vw, 1200px\" \/><\/span><\/div><br><div class=\"fusion-title title fusion-title-1 fusion-sep-none fusion-title-center fusion-title-text fusion-title-size-two fusion-animated\" style=\"--awb-text-color:var(--awb-color6);--awb-margin-top:30px;--awb-margin-top-small:0px;--awb-margin-right-small:0px;--awb-margin-bottom-small:20px;--awb-margin-left-small:0px;--awb-font-size:32px;\" data-animationType=\"fadeInDown\" data-animationDuration=\"1.1\" data-animationOffset=\"top-into-view\"><h2 class=\"fusion-title-heading title-heading-center fusion-responsive-typography-calculated\" style=\"font-family:&quot;Rubik&quot;;font-style:normal;font-weight:300;margin:0;letter-spacing:1.1px;font-size:1em;--fontSize:32;line-height:var(--awb-typography1-line-height);\"><p class=\"p1\" style=\"text-align: center;\">RICICLO DEI COMPOSITI A BENETEAU<\/p><\/h2><\/div><br><div class=\"fusion-text fusion-text-1 fusion-animated\" style=\"--awb-font-size:21px;--awb-text-transform:none;\" data-animationType=\"fadeInDown\" data-animationDuration=\"1.3\" data-animationOffset=\"top-into-view\"><p data-start=\"76\" data-end=\"523\">Il riciclo delle imbarcazioni composite a fine vita o degli scarti di produzione provenienti dalla costruzione di imbarcazioni composite \u00e8 stato un tema di interesse a IBEX e su Professional BoatBuilder nell\u2019ultimo decennio. Come spesso accade con nuovi materiali e processi emergenti, si \u00e8 iniziato con progetti sperimentali e prototipi dimostrativi, inclusa la promettente possibilit\u00e0 di riciclare compositi realizzati con resine termoplastiche.<\/p>\n<p data-start=\"525\" data-end=\"884\">Per lo pi\u00f9, questo significava macinare gli scarti puliti di compositi termoplastici in materiale da reinserire in nuove strutture composite. Tuttavia, la capacit\u00e0 di scomporre la resina a livello molecolare, permettendo il recupero separato di fibre e resina, rimaneva per lo pi\u00f9 una possibilit\u00e0 teorica, senza applicazioni su scala industriale\u2026 fino a oggi.<\/p>\n<p data-start=\"886\" data-end=\"1510\">Il mese scorso, una coalizione di cantieri navali, esperti di gestione dei rifiuti e aziende chimiche e di materiali compositi ha annunciato un modello operativo di economia circolare per i produttori di compositi per il settore marino. Tra questi figurano il gigante francese della cantieristica Groupe Beneteau; Veolia, leader globale nella gestione dei rifiuti e nei servizi ambientali; Composite Recycling, startup specializzata nel riciclo di scarti compositi; Arkema, azienda francese di vernici e materiali; Owens Corning, produttore di fibra di vetro; e Chomarat, specialista in tessuti tecnici e rinforzi compositi.<\/p>\n<p data-start=\"1512\" data-end=\"2045\">Il progetto, basato sugli impianti produttivi di Beneteau nell\u2019Ovest della Francia, si concentra attualmente sugli scarti di produzione derivanti da modelli realizzati con la resina termoplastica Elium di Arkema. Sottoponendo i ritagli e gli scarti al processo di termolisi di Composite Recycling, \u00e8 possibile recuperare l\u2019olio dalla resina e le fibre pulite (in vetro o carbonio), restituendoli ai produttori di resine e tessuti per essere riformulati o ritessuti e consegnati nuovamente a Beneteau per costruire nuove imbarcazioni.<\/p>\n<h3 data-start=\"2047\" data-end=\"2079\">Il Dilemma dello Smaltimento<\/h3>\n<p data-start=\"2081\" data-end=\"2528\">La scorsa settimana ho parlato con Guillaume Perben, co-fondatore di Composite Recycling, azienda svizzera, riguardo alla genesi del progetto, che promette molto per il settore marino e altri ambiti manifatturieri alle prese con cambiamenti regolamentari e di mercato che hanno aumentato la domanda di soluzioni composite, ma allo stesso tempo hanno posto ostacoli alla loro diffusione. In questo caso sono i cantieri navali a guidare lo sviluppo.<\/p>\n<p data-start=\"2530\" data-end=\"3290\">\u201cTutto \u00e8 iniziato nel 2021,\u201d racconta Perben, \u201cquando io e mio fratello, ingegnere navale, abbiamo riflettuto sul destino a lungo termine della nostra barca a vela in vetroresina di 9,1 metri (30\u2019). La discarica sembrava la destinazione pi\u00f9 probabile, ma io sapevo quanta energia incorporata, sostanze chimiche ancora utili e fibre contenesse la struttura dello scafo.\u201d Dopo decenni nel business development e nella ristrutturazione nel settore automobilistico, Perben aveva lavorato pi\u00f9 recentemente per un progetto di riciclo di pneumatici che impiegava la pirolisi (riscaldamento oltre 500\u00b0C) per recuperare materiali utili (gas e olio) dalla gomma usata. \u201cMi sono chiesto: \u2018Quella tecnologia, applicata ai pneumatici, potrebbe funzionare per i compositi?\u2019\u201d<\/p>\n<p data-start=\"3292\" data-end=\"3773\">Per una risposta si \u00e8 rivolto a V\u00e9ronique Michaud, responsabile del Laboratorio per la lavorazione di compositi avanzati presso l\u2019\u00c9cole Polytechnique F\u00e9d\u00e9rale di Losanna. Lei gli ha confermato che era possibile e abbastanza conosciuto, ma quando Perben ne ha parlato con alcuni colleghi ingegneri navali, questi erano ignari della soluzione e molto interessati alla possibilit\u00e0 di affrontare il problema crescente dello smaltimento degli scarti di barche composite e di produzione.<\/p>\n<p data-start=\"3775\" data-end=\"4231\">\u201cAbbiamo visto un divario enorme tra industria e scienza,\u201d racconta Perben. \u00c8 quindi tornato da Michaud, che gli ha messo a disposizione alcuni ingegneri e una piccola macchina per la termolisi per dimostrare la fattibilit\u00e0 della tecnologia. Entro la fine del 2021 lui e il collega Pascal Gallo hanno fondato l\u2019azienda, raccolto fondi e costruito la prima macchina per testare campioni reali di materiali compositi e determinarne il grado di riciclabilit\u00e0.<\/p>\n<p data-start=\"4233\" data-end=\"5016\">Pur essendo valida la tecnologia, Perben sapeva che avrebbero dovuto dimostrare il valore della filiera ai clienti per restare competitivi. \u201cAd oggi abbiamo condotto circa 500 test,\u201d dice, principalmente per i settori automotive, aerospaziale e industrie correlate. Hanno circa 50 clienti commerciali che si affidano a Composite Recycling per dimostrare che passare ai compositi non significa rinunciare alla riciclabilit\u00e0. Per esempio, se un fornitore vuole sostituire molle a balestra in acciaio nelle sospensioni auto con strutture composite, il costruttore potrebbe essere riluttante al cambiamento perch\u00e9 vuole rendere ogni veicolo il pi\u00f9 possibile riciclabile. Composite Recycling pu\u00f2 documentare e quantificare la riciclabilit\u00e0 e l\u2019impronta di carbonio dell\u2019opzione composita.<\/p>\n<p data-start=\"5018\" data-end=\"5555\">Perben ha inoltre sottolineato che i cambiamenti normativi, che vietano lo smaltimento degli scarti compositi nelle discariche in molti Paesi europei, hanno spinto l\u2019azienda a concentrarsi sugli scarti di produzione, piuttosto che sullo smaltimento di barche dismesse. Quest\u2019ultimo problema rimane, ma \u00e8 complicato dalla chimica sconosciuta introdotta dai rivestimenti antifouling e da altri contaminanti sulle imbarcazioni usate. \u201cUn giorno ricicleremo anche le vecchie barche,\u201d dice, \u201cma ora la priorit\u00e0 sono gli scarti di produzione.\u201d<\/p>\n<h3 data-start=\"5557\" data-end=\"5589\">Unit\u00e0 portatile di termolisi<\/h3>\n<p data-start=\"5591\" data-end=\"5706\">Le unit\u00e0 portatili di termolisi da 9,1 metri possono processare fino a 400 tonnellate di scarti compositi all\u2019anno.<\/p>\n<h3 data-start=\"5708\" data-end=\"5738\">Test sul campo da Beneteau<\/h3>\n<p data-start=\"5740\" data-end=\"6302\">Questo ci riporta al progetto Beneteau, alimentato dalla volont\u00e0 del cantiere di limitare o eliminare gli scarti compositi derivanti dalla produzione. Poich\u00e9 gli scarti sono uniformi e il loro contenuto prevedibile, la sfida di Beneteau \u00e8 ideale per Composite Recycling, che cos\u00ec pu\u00f2 scalare e perfezionare il proprio processo di riciclo. \u201cAbbiamo iniziato con compositi a base di Elium perch\u00e9 abbiamo ottenuto risultati eccellenti con quella resina,\u201d spiega Perben. Comodamente, Beneteau produce almeno una linea di modelli utilizzando quella chimica di Arkema.<\/p>\n<p data-start=\"6304\" data-end=\"6664\">\u201cI nostri modelli Jeanneau Sun Fast 30 One Design e, pi\u00f9 recentemente, il Beneteau Oceanis Yacht 60, dimostrano perfettamente che la manifattura circolare nel settore nautico non \u00e8 pi\u00f9 un semplice obiettivo, ma una realt\u00e0 concreta,\u201d ha dichiarato Erwan Faoucher, Vicepresidente Innovazione e Sviluppo Sostenibile di Groupe Beneteau, nell\u2019annuncio del progetto.<\/p>\n<p data-start=\"6666\" data-end=\"7151\">Gli scarti compositi in uscita dalla linea di produzione Beneteau vengono tagliati in sezioni piatte e raccolti in contenitori dedicati per lo smaltimento. L\u2019azienda di gestione rifiuti Veolia trasporta i ritagli a un sito vicino, dove \u00e8 installata un\u2019unit\u00e0 portatile di termolisi di Composite Recycling. Questa macchina containerizzata lunga 9,1 metri pu\u00f2 processare fino a 400 tonnellate di scarti compositi all\u2019anno e pu\u00f2 essere spostata su strada in base alle necessit\u00e0 produttive.<\/p>\n<p data-start=\"7153\" data-end=\"7370\">Perben spiega: \u201cApriamo il forno\u2014immaginate un forno per pizza di 2 metri per 2 per 2 con griglie. Mettiamo i pezzi piatti sulle griglie, senza impilarli\u2026 dobbiamo far circolare il calore tra gli strati di composito.\u201d<\/p>\n<p data-start=\"7372\" data-end=\"7426\">Il carico di 500 kg cuoce tra le tre e le quattro ore.<\/p>\n<p data-start=\"7428\" data-end=\"7662\">\u201cSi riscalda in assenza di ossigeno,\u201d chiarisce Perben. \u201cQuesto significa che non c\u2019\u00e8 combustione. Invece di bruciare, la resina (la parte plastica) viene vaporizzata. Poi condensiamo quel vapore per ottenere diversi livelli di olio.\u201d<\/p>\n<p data-start=\"7664\" data-end=\"8145\">Il ricavo dai compositi Elium include oltre l\u201980% del N-metilolacrilammide (NMA) contenuto nella resina. Arkema recupera questo distillato per riutilizzarlo nella nuova resina Elium che torna a Beneteau per il ciclo produttivo successivo. Allo stesso modo, le fibre di vetro calcinato vengono inviate allo stabilimento Owens Corning, alimentato da energia idroelettrica del Rodano, per essere fuse e filate in nuove fibre da tessere in roving di vetro per l\u2019uso sempre da Beneteau.<\/p>\n<p data-start=\"8147\" data-end=\"8606\">Questa \u00e8 la versione semplificata. In realt\u00e0 il processo presenta incertezze e sfumature man mano che sviluppano tecniche e soluzioni pratiche per soddisfare le esigenze dei clienti. Per esempio, Perben osserva che gli scarti Beneteau includono gelcoat a base poliestere sugli strati Elium dello scafo. \u201cAgendo sui parametri di trattamento (tempo e temperatura), riusciamo a separarli, ottenendo olio da poliestere in un serbatoio e olio da Elium nell\u2019altro.\u201d<\/p>\n<h3 data-start=\"8608\" data-end=\"8635\">Oltre le termoplastiche<\/h3>\n<p data-start=\"8637\" data-end=\"9196\">Perben \u00e8 chiaro nel dire che, sebbene la resina Elium sia la pi\u00f9 facile da processare per le unit\u00e0 mobili di Composite Recycling, la tecnologia consente di recuperare con successo componenti da laminati a base di epossidica e poliestere. Ha spiegato che il processo di termolisi pu\u00f2 produrre un equivalente di carburante diesel dalla resina poliestere, ma quel carburante non sarebbe approvato per la combustione in Europa. Tuttavia, modificando nuovamente i parametri di trattamento, possono estrarre fenolo dai compositi epossidici e stirene dai poliestere.<\/p>\n<p data-start=\"9198\" data-end=\"9420\">\u201cSono sostanze molto interessanti per la produzione di nuove materie plastiche,\u201d afferma. E la plastica pu\u00f2 essere riciclata fino a otto volte, molto pi\u00f9 efficacemente che bruciare il distillato come diesel una sola volta.<\/p>\n<p data-start=\"9422\" data-end=\"9825\">Perben afferma che idealmente la tecnologia di riciclo in evoluzione diventerebbe parte integrante della progettazione e pianificazione delle costruzioni, influenzando la scelta di rivestimenti, materiali di anima, fibre e resine. \u201cSe si \u00e8 intelligenti nel modo di costruire le nuove barche, queste saranno meno costose da riciclare. Questo riduce il costo extra per il produttore di rifiuti,\u201d conclude.<\/p>\n<p data-start=\"9827\" data-end=\"9990\">Con un po\u2019 di fortuna arriver\u00e0 il giorno in cui potr\u00e0 riciclare la sua barca, quella che ha ispirato il progetto. Per ora, dice, quella barca sta ancora navigando.<\/p>\n<p data-start=\"9827\" data-end=\"9990\">Fonte: Proboat.com<\/p>\n<\/div><br><div style=\"text-align:center;\"><a class=\"fusion-button button-flat fusion-button-default-size button-default fusion-button-default button-1 fusion-button-default-span fusion-button-default-type\" target=\"_blank\" rel=\"noopener noreferrer\" href=\"https:\/\/www.proboat.com\/2025\/05\/composite-recycling-beneteau-materials-industry-leaders-reclaim-boatbuilders-production-waste\/?utm_source=MC&amp;utm_medium=Email&amp;utm_term=content&amp;utm_content=Link&amp;utm_campaign=Email-PBB-2025-05-15\"><span class=\"fusion-button-text awb-button__text awb-button__text--default\">LEGGI SU PROBOAT.COM<\/span><\/a><\/div><br><\/div><\/div><\/div><\/div><\/p>\n","protected":false},"excerpt":{"rendered":"","protected":false},"author":1,"featured_media":0,"parent":0,"menu_order":0,"comment_status":"closed","ping_status":"closed","template":"","meta":{"_monsterinsights_skip_tracking":false,"_monsterinsights_sitenote_active":false,"_monsterinsights_sitenote_note":"","_monsterinsights_sitenote_category":0,"footnotes":""},"class_list":["post-6432","page","type-page","status-publish","hentry"],"yoast_head":"<!-- This site is optimized with the Yoast SEO plugin v27.4 - https:\/\/yoast.com\/product\/yoast-seo-wordpress\/ -->\r\n<title>Riciclo compositi a Beneteau - Seatec<\/title>\r\n<meta name=\"robots\" content=\"index, follow, max-snippet:-1, max-image-preview:large, max-video-preview:-1\" \/>\r\n<link rel=\"canonical\" href=\"https:\/\/sea-tec.it\/?page_id=6432\" \/>\r\n<meta property=\"og:locale\" content=\"it_IT\" \/>\r\n<meta property=\"og:type\" content=\"article\" \/>\r\n<meta property=\"og:title\" content=\"Riciclo compositi a Beneteau - Seatec\" \/>\r\n<meta property=\"og:url\" content=\"https:\/\/sea-tec.it\/?page_id=6432\" \/>\r\n<meta property=\"og:site_name\" content=\"Seatec\" \/>\r\n<meta name=\"twitter:card\" content=\"summary_large_image\" \/>\r\n<meta name=\"twitter:label1\" content=\"Tempo di lettura stimato\" \/>\n\t<meta name=\"twitter:data1\" content=\"18 minuti\" \/>\r\n<script type=\"application\/ld+json\" class=\"yoast-schema-graph\">{\"@context\":\"https:\\\/\\\/schema.org\",\"@graph\":[{\"@type\":\"WebPage\",\"@id\":\"https:\\\/\\\/sea-tec.it\\\/?page_id=6432\",\"url\":\"https:\\\/\\\/sea-tec.it\\\/?page_id=6432\",\"name\":\"Riciclo compositi a Beneteau - Seatec\",\"isPartOf\":{\"@id\":\"https:\\\/\\\/sea-tec.it\\\/#website\"},\"datePublished\":\"2025-05-28T16:14:29+00:00\",\"breadcrumb\":{\"@id\":\"https:\\\/\\\/sea-tec.it\\\/?page_id=6432#breadcrumb\"},\"inLanguage\":\"it-IT\",\"potentialAction\":[{\"@type\":\"ReadAction\",\"target\":[\"https:\\\/\\\/sea-tec.it\\\/?page_id=6432\"]}]},{\"@type\":\"BreadcrumbList\",\"@id\":\"https:\\\/\\\/sea-tec.it\\\/?page_id=6432#breadcrumb\",\"itemListElement\":[{\"@type\":\"ListItem\",\"position\":1,\"name\":\"Home\",\"item\":\"https:\\\/\\\/sea-tec.it\\\/\"},{\"@type\":\"ListItem\",\"position\":2,\"name\":\"Riciclo compositi a Beneteau\"}]},{\"@type\":\"WebSite\",\"@id\":\"https:\\\/\\\/sea-tec.it\\\/#website\",\"url\":\"https:\\\/\\\/sea-tec.it\\\/\",\"name\":\"Seatec\",\"description\":\"Mediterranean Marine Tech Event\",\"publisher\":{\"@id\":\"https:\\\/\\\/sea-tec.it\\\/#organization\"},\"potentialAction\":[{\"@type\":\"SearchAction\",\"target\":{\"@type\":\"EntryPoint\",\"urlTemplate\":\"https:\\\/\\\/sea-tec.it\\\/?s={search_term_string}\"},\"query-input\":{\"@type\":\"PropertyValueSpecification\",\"valueRequired\":true,\"valueName\":\"search_term_string\"}}],\"inLanguage\":\"it-IT\"},{\"@type\":\"Organization\",\"@id\":\"https:\\\/\\\/sea-tec.it\\\/#organization\",\"name\":\"Seatec & Compotec Marine\",\"url\":\"https:\\\/\\\/sea-tec.it\\\/\",\"logo\":{\"@type\":\"ImageObject\",\"inLanguage\":\"it-IT\",\"@id\":\"https:\\\/\\\/sea-tec.it\\\/#\\\/schema\\\/logo\\\/image\\\/\",\"url\":\"https:\\\/\\\/sea-tec.it\\\/wp-content\\\/uploads\\\/2024\\\/11\\\/head-seatec-2025-eng.jpg\",\"contentUrl\":\"https:\\\/\\\/sea-tec.it\\\/wp-content\\\/uploads\\\/2024\\\/11\\\/head-seatec-2025-eng.jpg\",\"width\":1920,\"height\":1080,\"caption\":\"Seatec & Compotec Marine\"},\"image\":{\"@id\":\"https:\\\/\\\/sea-tec.it\\\/#\\\/schema\\\/logo\\\/image\\\/\"}}]}<\/script>\r\n<!-- \/ Yoast SEO plugin. -->","yoast_head_json":{"title":"Riciclo compositi a Beneteau - Seatec","robots":{"index":"index","follow":"follow","max-snippet":"max-snippet:-1","max-image-preview":"max-image-preview:large","max-video-preview":"max-video-preview:-1"},"canonical":"https:\/\/sea-tec.it\/?page_id=6432","og_locale":"it_IT","og_type":"article","og_title":"Riciclo compositi a Beneteau - Seatec","og_url":"https:\/\/sea-tec.it\/?page_id=6432","og_site_name":"Seatec","twitter_card":"summary_large_image","twitter_misc":{"Tempo di lettura stimato":"18 minuti"},"schema":{"@context":"https:\/\/schema.org","@graph":[{"@type":"WebPage","@id":"https:\/\/sea-tec.it\/?page_id=6432","url":"https:\/\/sea-tec.it\/?page_id=6432","name":"Riciclo compositi a Beneteau - Seatec","isPartOf":{"@id":"https:\/\/sea-tec.it\/#website"},"datePublished":"2025-05-28T16:14:29+00:00","breadcrumb":{"@id":"https:\/\/sea-tec.it\/?page_id=6432#breadcrumb"},"inLanguage":"it-IT","potentialAction":[{"@type":"ReadAction","target":["https:\/\/sea-tec.it\/?page_id=6432"]}]},{"@type":"BreadcrumbList","@id":"https:\/\/sea-tec.it\/?page_id=6432#breadcrumb","itemListElement":[{"@type":"ListItem","position":1,"name":"Home","item":"https:\/\/sea-tec.it\/"},{"@type":"ListItem","position":2,"name":"Riciclo compositi a Beneteau"}]},{"@type":"WebSite","@id":"https:\/\/sea-tec.it\/#website","url":"https:\/\/sea-tec.it\/","name":"Seatec","description":"Mediterranean Marine Tech Event","publisher":{"@id":"https:\/\/sea-tec.it\/#organization"},"potentialAction":[{"@type":"SearchAction","target":{"@type":"EntryPoint","urlTemplate":"https:\/\/sea-tec.it\/?s={search_term_string}"},"query-input":{"@type":"PropertyValueSpecification","valueRequired":true,"valueName":"search_term_string"}}],"inLanguage":"it-IT"},{"@type":"Organization","@id":"https:\/\/sea-tec.it\/#organization","name":"Seatec & Compotec Marine","url":"https:\/\/sea-tec.it\/","logo":{"@type":"ImageObject","inLanguage":"it-IT","@id":"https:\/\/sea-tec.it\/#\/schema\/logo\/image\/","url":"https:\/\/sea-tec.it\/wp-content\/uploads\/2024\/11\/head-seatec-2025-eng.jpg","contentUrl":"https:\/\/sea-tec.it\/wp-content\/uploads\/2024\/11\/head-seatec-2025-eng.jpg","width":1920,"height":1080,"caption":"Seatec & Compotec Marine"},"image":{"@id":"https:\/\/sea-tec.it\/#\/schema\/logo\/image\/"}}]}},"_links":{"self":[{"href":"https:\/\/sea-tec.it\/index.php?rest_route=\/wp\/v2\/pages\/6432","targetHints":{"allow":["GET"]}}],"collection":[{"href":"https:\/\/sea-tec.it\/index.php?rest_route=\/wp\/v2\/pages"}],"about":[{"href":"https:\/\/sea-tec.it\/index.php?rest_route=\/wp\/v2\/types\/page"}],"author":[{"embeddable":true,"href":"https:\/\/sea-tec.it\/index.php?rest_route=\/wp\/v2\/users\/1"}],"replies":[{"embeddable":true,"href":"https:\/\/sea-tec.it\/index.php?rest_route=%2Fwp%2Fv2%2Fcomments&post=6432"}],"version-history":[{"count":1,"href":"https:\/\/sea-tec.it\/index.php?rest_route=\/wp\/v2\/pages\/6432\/revisions"}],"predecessor-version":[{"id":6433,"href":"https:\/\/sea-tec.it\/index.php?rest_route=\/wp\/v2\/pages\/6432\/revisions\/6433"}],"wp:attachment":[{"href":"https:\/\/sea-tec.it\/index.php?rest_route=%2Fwp%2Fv2%2Fmedia&parent=6432"}],"curies":[{"name":"wp","href":"https:\/\/api.w.org\/{rel}","templated":true}]}}