{"id":6224,"date":"2025-04-10T12:54:23","date_gmt":"2025-04-10T12:54:23","guid":{"rendered":"https:\/\/sea-tec.it\/?page_id=6224"},"modified":"2025-04-10T13:07:36","modified_gmt":"2025-04-10T13:07:36","slug":"blue-wake-ita","status":"publish","type":"page","link":"https:\/\/sea-tec.it\/?page_id=6224","title":{"rendered":"BLUE WAKE ITA"},"content":{"rendered":"<p><div class=\"fusion-fullwidth fullwidth-box fusion-builder-row-1 fusion-flex-container nonhundred-percent-fullwidth non-hundred-percent-height-scrolling\" style=\"--awb-border-radius-top-left:0px;--awb-border-radius-top-right:0px;--awb-border-radius-bottom-right:0px;--awb-border-radius-bottom-left:0px;--awb-padding-top:6%;--awb-padding-bottom:4%;--awb-flex-wrap:wrap;\" ><div class=\"fusion-builder-row fusion-row fusion-flex-align-items-flex-start fusion-flex-content-wrap\" style=\"max-width:calc( 1200px + 0px );margin-left: calc(-0px \/ 2 );margin-right: calc(-0px \/ 2 );\"><div class=\"fusion-layout-column fusion_builder_column fusion-builder-column-0 fusion_builder_column_1_1 1_1 fusion-flex-column fusion-animated\" style=\"--awb-padding-bottom:20px;--awb-bg-size:cover;--awb-width-large:100%;--awb-margin-top-large:0px;--awb-spacing-right-large:0px;--awb-margin-bottom-large:0px;--awb-spacing-left-large:0px;--awb-width-medium:100%;--awb-spacing-right-medium:0px;--awb-spacing-left-medium:0px;--awb-width-small:100%;--awb-spacing-right-small:0px;--awb-spacing-left-small:0px;\" data-animationType=\"fadeInUp\" data-animationDuration=\"1.0\" data-animationOffset=\"top-into-view\"><div class=\"fusion-column-wrapper fusion-column-has-shadow fusion-flex-justify-content-flex-start fusion-content-layout-column\"><i class=\"fb-icon-element-1 fb-icon-element fontawesome-icon fa-comments fas circle-yes\" style=\"--awb-circlecolor:var(--awb-color5);--awb-circlebordersize:0px;--awb-font-size:28.16px;--awb-width:56.32px;--awb-height:56.32px;--awb-line-height:56.32px;--awb-margin-top:0;--awb-margin-right:0;--awb-margin-bottom:0;--awb-margin-left:0;--awb-align-self:center;\"><\/i><br><div class=\"fusion-image-element \" style=\"text-align:center;--awb-caption-title-font-family:var(--h2_typography-font-family);--awb-caption-title-font-weight:var(--h2_typography-font-weight);--awb-caption-title-font-style:var(--h2_typography-font-style);--awb-caption-title-size:var(--h2_typography-font-size);--awb-caption-title-transform:var(--h2_typography-text-transform);--awb-caption-title-line-height:var(--h2_typography-line-height);--awb-caption-title-letter-spacing:var(--h2_typography-letter-spacing);\"><span class=\" fusion-imageframe imageframe-none imageframe-1 hover-type-none\"><img decoding=\"async\" width=\"1200\" height=\"516\" title=\"bluewake\" src=\"https:\/\/sea-tec.it\/wp-content\/uploads\/2025\/04\/bluewake.jpg\" data-orig-src=\"https:\/\/sea-tec.it\/wp-content\/uploads\/2025\/04\/bluewake.jpg\" alt class=\"lazyload img-responsive wp-image-6225\" srcset=\"data:image\/svg+xml,%3Csvg%20xmlns%3D%27http%3A%2F%2Fwww.w3.org%2F2000%2Fsvg%27%20width%3D%271200%27%20height%3D%27516%27%20viewBox%3D%270%200%201200%20516%27%3E%3Crect%20width%3D%271200%27%20height%3D%27516%27%20fill-opacity%3D%220%22%2F%3E%3C%2Fsvg%3E\" data-srcset=\"https:\/\/sea-tec.it\/wp-content\/uploads\/2025\/04\/bluewake-200x86.jpg 200w, https:\/\/sea-tec.it\/wp-content\/uploads\/2025\/04\/bluewake-400x172.jpg 400w, https:\/\/sea-tec.it\/wp-content\/uploads\/2025\/04\/bluewake-600x258.jpg 600w, https:\/\/sea-tec.it\/wp-content\/uploads\/2025\/04\/bluewake-800x344.jpg 800w, https:\/\/sea-tec.it\/wp-content\/uploads\/2025\/04\/bluewake.jpg 1200w\" data-sizes=\"auto\" data-orig-sizes=\"(max-width: 1024px) 100vw, (max-width: 640px) 100vw, 1200px\" \/><\/span><\/div><br><div class=\"fusion-title title fusion-title-1 fusion-sep-none fusion-title-center fusion-title-text fusion-title-size-two fusion-animated\" style=\"--awb-text-color:var(--awb-color6);--awb-margin-top:30px;--awb-margin-top-small:0px;--awb-margin-right-small:0px;--awb-margin-bottom-small:20px;--awb-margin-left-small:0px;--awb-font-size:32px;\" data-animationType=\"fadeInDown\" data-animationDuration=\"1.1\" data-animationOffset=\"top-into-view\"><h2 class=\"fusion-title-heading title-heading-center fusion-responsive-typography-calculated\" style=\"font-family:&quot;Rubik&quot;;font-style:normal;font-weight:300;margin:0;letter-spacing:1.1px;font-size:1em;--fontSize:32;line-height:var(--awb-typography1-line-height);\"><p class=\"p1\" style=\"text-align: center;\">BLUE WAKE: IL PROTOCOLLO TECNICO PER LA SELEZIONE DELLE SOLUZIONI SOSTENIBILI AL MYS 2025<\/p><\/h2><\/div><br><div class=\"fusion-text fusion-text-1 fusion-animated\" style=\"--awb-font-size:21px;--awb-text-transform:none;\" data-animationType=\"fadeInDown\" data-animationDuration=\"1.3\" data-animationOffset=\"top-into-view\"><p>Con il lancio di Blue Wake, un nuovo programma pensato per dare visibilit\u00e0 alle soluzioni pi\u00f9 avanzate e responsabili adottabili dal comparto nautico dal punto di vista ambientale, il Monaco Yacht Show non si limita a promuovere la sostenibilit\u00e0 come concetto astratto, ma introduce un sistema di selezione e validazione pensato per identificare e valorizzare solo quelle soluzioni che rispondono a criteri tecnici stringenti.<\/p>\n<p>Il Monaco Yacht Show con Blue Wake, insomma, alza l\u2019asticella: parlare di sostenibilit\u00e0 non basta pi\u00f9, ora servono dati, verifiche e impatti misurabili. \u00c8 un segnale importante per il settore, che spinge verso una nautica pi\u00f9 trasparente e responsabile, anche sotto il profilo tecnico e industriale.<\/p>\n<p>Il programma nasce in collaborazione con la Water Revolution Foundation, organismo indipendente gi\u00e0 noto per il suo approccio scientifico alla sostenibilit\u00e0 nautica. Al centro dell\u2019iniziativa c\u2019\u00e8 un processo di verifica che punta alla misurabilit\u00e0 dell\u2019impatto ambientale, elemento spesso trascurato in comunicazioni di marketing ma oggi imprescindibile.<\/p>\n<p>Per essere inserite nel programma Blue Wake, le tecnologie, i sistemi o i materiali dovranno superare una valutazione basata su criteri come riduzione delle emissioni: soluzioni che contribuiscono a ridurre CO\u2082, NO\u2093 o particolato, sia in fase di navigazione sia durante la produzione o il refitting; efficienza energetica, sistemi che migliorano il rapporto tra consumo e prestazione, come propulsioni ibride, ottimizzatori di carena, recupero energetico; materiali innovativi e circolari, uso di materiali riciclati o facilmente riciclabili, alternative ai compositi tradizionali, o vernici e rivestimenti a basso impatto ambientale; analisi del ciclo di vita (LCA), valutazione complessiva dell\u2019impatto ambientale del prodotto, dalla produzione allo smaltimento.<\/p>\n<p>Le aziende dovranno fornire documentazione tecnica, certificazioni (ove disponibili) e dati comparabili. Il team tecnico della Water Revolution Foundation valuter\u00e0 anche la replicabilit\u00e0 e scalabilit\u00e0 delle soluzioni, favorendo tecnologie realmente applicabili nel settore.<\/p>\n<p>Una volta approvate, le soluzioni Blue Wake non saranno collocate in una sezione separata, ma integrate nei percorsi espositivi. In pratica, i visitatori potranno incontrarle nei diversi stand, riconoscibili grazie a una specifica segnaletica Blue Wake, che funzioner\u00e0 come una sorta di &#8220;etichetta di sostenibilit\u00e0&#8221;.<\/p>\n<p>Tale approccio punta a normalizzare la sostenibilit\u00e0 come parte integrante del design e della tecnologia di bordo, anzich\u00e9 trattarla come un tema accessorio.<\/p>\n<p>Per i fornitori di componenti, impianti o materiali, partecipare al Blue Wake rappresenta un\u2019occasione concreta per posizionarsi sul mercato con credibilit\u00e0 tecnica, in un momento in cui armatori e costruttori richiedono sempre pi\u00f9 prodotti certificabili e conformi ai nuovi standard ambientali (inclusi quelli IMO e UE).<\/p>\n<p>Per i cantieri, invece, \u00e8 uno strumento in pi\u00f9 per comunicare valore reale in progetti su misura, dove la sostenibilit\u00e0 \u00e8 un driver chiave nella scelta del layout impiantistico e dei materiali.<\/p>\n<p>Fonte: Pressmare<\/p>\n<\/div><br><div style=\"text-align:center;\"><a class=\"fusion-button button-flat button-large button-default fusion-button-default button-1 fusion-button-default-span fusion-button-default-type\" target=\"_self\" href=\"https:\/\/pressmare.it\/it\/comunicazione\/press-mare\/2025-03-27\/blue-wake-protocollo-tecnico-soluzioni-sostenibili-mys-2025-82754\"><span class=\"fusion-button-text awb-button__text awb-button__text--default\">LEGGI SU PRESS MARE<\/span><\/a><\/div><br><\/div><\/div><\/div><\/div><\/p>\n","protected":false},"excerpt":{"rendered":"","protected":false},"author":1,"featured_media":0,"parent":0,"menu_order":0,"comment_status":"closed","ping_status":"closed","template":"100-width.php","meta":{"_monsterinsights_skip_tracking":false,"_monsterinsights_sitenote_active":false,"_monsterinsights_sitenote_note":"","_monsterinsights_sitenote_category":0,"footnotes":""},"class_list":["post-6224","page","type-page","status-publish","hentry"],"yoast_head":"<!-- This site is optimized with the Yoast SEO plugin v27.4 - https:\/\/yoast.com\/product\/yoast-seo-wordpress\/ -->\r\n<title>Seatec 2025 - News<\/title>\r\n<meta name=\"robots\" content=\"index, follow, max-snippet:-1, max-image-preview:large, max-video-preview:-1\" \/>\r\n<link rel=\"canonical\" href=\"https:\/\/sea-tec.it\/?page_id=6224\" \/>\r\n<meta property=\"og:locale\" content=\"it_IT\" \/>\r\n<meta property=\"og:type\" content=\"article\" \/>\r\n<meta property=\"og:title\" content=\"Seatec 2025 - News\" \/>\r\n<meta property=\"og:url\" content=\"https:\/\/sea-tec.it\/?page_id=6224\" \/>\r\n<meta property=\"og:site_name\" content=\"Seatec\" \/>\r\n<meta property=\"article:modified_time\" content=\"2025-04-10T13:07:36+00:00\" \/>\r\n<meta name=\"twitter:card\" content=\"summary_large_image\" \/>\r\n<meta name=\"twitter:label1\" content=\"Tempo di lettura stimato\" \/>\n\t<meta name=\"twitter:data1\" content=\"17 minuti\" \/>\r\n<script type=\"application\/ld+json\" class=\"yoast-schema-graph\">{\"@context\":\"https:\\\/\\\/schema.org\",\"@graph\":[{\"@type\":\"WebPage\",\"@id\":\"https:\\\/\\\/sea-tec.it\\\/?page_id=6224\",\"url\":\"https:\\\/\\\/sea-tec.it\\\/?page_id=6224\",\"name\":\"Seatec 2025 - News\",\"isPartOf\":{\"@id\":\"https:\\\/\\\/sea-tec.it\\\/#website\"},\"datePublished\":\"2025-04-10T12:54:23+00:00\",\"dateModified\":\"2025-04-10T13:07:36+00:00\",\"breadcrumb\":{\"@id\":\"https:\\\/\\\/sea-tec.it\\\/?page_id=6224#breadcrumb\"},\"inLanguage\":\"it-IT\",\"potentialAction\":[{\"@type\":\"ReadAction\",\"target\":[\"https:\\\/\\\/sea-tec.it\\\/?page_id=6224\"]}]},{\"@type\":\"BreadcrumbList\",\"@id\":\"https:\\\/\\\/sea-tec.it\\\/?page_id=6224#breadcrumb\",\"itemListElement\":[{\"@type\":\"ListItem\",\"position\":1,\"name\":\"Home\",\"item\":\"https:\\\/\\\/sea-tec.it\\\/\"},{\"@type\":\"ListItem\",\"position\":2,\"name\":\"BLUE WAKE ITA\"}]},{\"@type\":\"WebSite\",\"@id\":\"https:\\\/\\\/sea-tec.it\\\/#website\",\"url\":\"https:\\\/\\\/sea-tec.it\\\/\",\"name\":\"Seatec\",\"description\":\"Mediterranean Marine Tech Event\",\"publisher\":{\"@id\":\"https:\\\/\\\/sea-tec.it\\\/#organization\"},\"potentialAction\":[{\"@type\":\"SearchAction\",\"target\":{\"@type\":\"EntryPoint\",\"urlTemplate\":\"https:\\\/\\\/sea-tec.it\\\/?s={search_term_string}\"},\"query-input\":{\"@type\":\"PropertyValueSpecification\",\"valueRequired\":true,\"valueName\":\"search_term_string\"}}],\"inLanguage\":\"it-IT\"},{\"@type\":\"Organization\",\"@id\":\"https:\\\/\\\/sea-tec.it\\\/#organization\",\"name\":\"Seatec & Compotec Marine\",\"url\":\"https:\\\/\\\/sea-tec.it\\\/\",\"logo\":{\"@type\":\"ImageObject\",\"inLanguage\":\"it-IT\",\"@id\":\"https:\\\/\\\/sea-tec.it\\\/#\\\/schema\\\/logo\\\/image\\\/\",\"url\":\"https:\\\/\\\/sea-tec.it\\\/wp-content\\\/uploads\\\/2024\\\/11\\\/head-seatec-2025-eng.jpg\",\"contentUrl\":\"https:\\\/\\\/sea-tec.it\\\/wp-content\\\/uploads\\\/2024\\\/11\\\/head-seatec-2025-eng.jpg\",\"width\":1920,\"height\":1080,\"caption\":\"Seatec & Compotec Marine\"},\"image\":{\"@id\":\"https:\\\/\\\/sea-tec.it\\\/#\\\/schema\\\/logo\\\/image\\\/\"}}]}<\/script>\r\n<!-- \/ Yoast SEO plugin. -->","yoast_head_json":{"title":"Seatec 2025 - News","robots":{"index":"index","follow":"follow","max-snippet":"max-snippet:-1","max-image-preview":"max-image-preview:large","max-video-preview":"max-video-preview:-1"},"canonical":"https:\/\/sea-tec.it\/?page_id=6224","og_locale":"it_IT","og_type":"article","og_title":"Seatec 2025 - News","og_url":"https:\/\/sea-tec.it\/?page_id=6224","og_site_name":"Seatec","article_modified_time":"2025-04-10T13:07:36+00:00","twitter_card":"summary_large_image","twitter_misc":{"Tempo di lettura stimato":"17 minuti"},"schema":{"@context":"https:\/\/schema.org","@graph":[{"@type":"WebPage","@id":"https:\/\/sea-tec.it\/?page_id=6224","url":"https:\/\/sea-tec.it\/?page_id=6224","name":"Seatec 2025 - News","isPartOf":{"@id":"https:\/\/sea-tec.it\/#website"},"datePublished":"2025-04-10T12:54:23+00:00","dateModified":"2025-04-10T13:07:36+00:00","breadcrumb":{"@id":"https:\/\/sea-tec.it\/?page_id=6224#breadcrumb"},"inLanguage":"it-IT","potentialAction":[{"@type":"ReadAction","target":["https:\/\/sea-tec.it\/?page_id=6224"]}]},{"@type":"BreadcrumbList","@id":"https:\/\/sea-tec.it\/?page_id=6224#breadcrumb","itemListElement":[{"@type":"ListItem","position":1,"name":"Home","item":"https:\/\/sea-tec.it\/"},{"@type":"ListItem","position":2,"name":"BLUE WAKE ITA"}]},{"@type":"WebSite","@id":"https:\/\/sea-tec.it\/#website","url":"https:\/\/sea-tec.it\/","name":"Seatec","description":"Mediterranean Marine Tech Event","publisher":{"@id":"https:\/\/sea-tec.it\/#organization"},"potentialAction":[{"@type":"SearchAction","target":{"@type":"EntryPoint","urlTemplate":"https:\/\/sea-tec.it\/?s={search_term_string}"},"query-input":{"@type":"PropertyValueSpecification","valueRequired":true,"valueName":"search_term_string"}}],"inLanguage":"it-IT"},{"@type":"Organization","@id":"https:\/\/sea-tec.it\/#organization","name":"Seatec & Compotec Marine","url":"https:\/\/sea-tec.it\/","logo":{"@type":"ImageObject","inLanguage":"it-IT","@id":"https:\/\/sea-tec.it\/#\/schema\/logo\/image\/","url":"https:\/\/sea-tec.it\/wp-content\/uploads\/2024\/11\/head-seatec-2025-eng.jpg","contentUrl":"https:\/\/sea-tec.it\/wp-content\/uploads\/2024\/11\/head-seatec-2025-eng.jpg","width":1920,"height":1080,"caption":"Seatec & Compotec Marine"},"image":{"@id":"https:\/\/sea-tec.it\/#\/schema\/logo\/image\/"}}]}},"_links":{"self":[{"href":"https:\/\/sea-tec.it\/index.php?rest_route=\/wp\/v2\/pages\/6224","targetHints":{"allow":["GET"]}}],"collection":[{"href":"https:\/\/sea-tec.it\/index.php?rest_route=\/wp\/v2\/pages"}],"about":[{"href":"https:\/\/sea-tec.it\/index.php?rest_route=\/wp\/v2\/types\/page"}],"author":[{"embeddable":true,"href":"https:\/\/sea-tec.it\/index.php?rest_route=\/wp\/v2\/users\/1"}],"replies":[{"embeddable":true,"href":"https:\/\/sea-tec.it\/index.php?rest_route=%2Fwp%2Fv2%2Fcomments&post=6224"}],"version-history":[{"count":1,"href":"https:\/\/sea-tec.it\/index.php?rest_route=\/wp\/v2\/pages\/6224\/revisions"}],"predecessor-version":[{"id":6226,"href":"https:\/\/sea-tec.it\/index.php?rest_route=\/wp\/v2\/pages\/6224\/revisions\/6226"}],"wp:attachment":[{"href":"https:\/\/sea-tec.it\/index.php?rest_route=%2Fwp%2Fv2%2Fmedia&parent=6224"}],"curies":[{"name":"wp","href":"https:\/\/api.w.org\/{rel}","templated":true}]}}