{"id":5682,"date":"2025-01-30T14:39:17","date_gmt":"2025-01-30T14:39:17","guid":{"rendered":"https:\/\/sea-tec.it\/?page_id=5682"},"modified":"2025-01-30T14:39:17","modified_gmt":"2025-01-30T14:39:17","slug":"sanlorenzo-22-gennaio","status":"publish","type":"page","link":"https:\/\/sea-tec.it\/?page_id=5682","title":{"rendered":"Sanlorenzo 22 gennaio"},"content":{"rendered":"<p><div class=\"fusion-fullwidth fullwidth-box fusion-builder-row-1 fusion-flex-container nonhundred-percent-fullwidth non-hundred-percent-height-scrolling\" style=\"--awb-border-radius-top-left:0px;--awb-border-radius-top-right:0px;--awb-border-radius-bottom-right:0px;--awb-border-radius-bottom-left:0px;--awb-padding-top:6%;--awb-padding-bottom:4%;--awb-flex-wrap:wrap;\" ><div class=\"fusion-builder-row fusion-row fusion-flex-align-items-flex-start fusion-flex-content-wrap\" style=\"max-width:calc( 1200px + 0px );margin-left: calc(-0px \/ 2 );margin-right: calc(-0px \/ 2 );\"><div class=\"fusion-layout-column fusion_builder_column fusion-builder-column-0 fusion_builder_column_1_1 1_1 fusion-flex-column fusion-animated\" style=\"--awb-padding-bottom:20px;--awb-bg-size:cover;--awb-width-large:100%;--awb-margin-top-large:0px;--awb-spacing-right-large:0px;--awb-margin-bottom-large:0px;--awb-spacing-left-large:0px;--awb-width-medium:100%;--awb-spacing-right-medium:0px;--awb-spacing-left-medium:0px;--awb-width-small:100%;--awb-spacing-right-small:0px;--awb-spacing-left-small:0px;\" data-animationType=\"fadeInUp\" data-animationDuration=\"1.0\" data-animationOffset=\"top-into-view\"><div class=\"fusion-column-wrapper fusion-column-has-shadow fusion-flex-justify-content-flex-start fusion-content-layout-column\"><i class=\"fb-icon-element-1 fb-icon-element fontawesome-icon fa-comments fas circle-yes\" style=\"--awb-circlecolor:var(--awb-color5);--awb-circlebordersize:0px;--awb-font-size:28.16px;--awb-width:56.32px;--awb-height:56.32px;--awb-line-height:56.32px;--awb-margin-top:0;--awb-margin-right:0;--awb-margin-bottom:0;--awb-margin-left:0;--awb-align-self:center;\"><\/i><br><div class=\"fusion-image-element \" style=\"text-align:center;--awb-caption-title-font-family:var(--h2_typography-font-family);--awb-caption-title-font-weight:var(--h2_typography-font-weight);--awb-caption-title-font-style:var(--h2_typography-font-style);--awb-caption-title-size:var(--h2_typography-font-size);--awb-caption-title-transform:var(--h2_typography-text-transform);--awb-caption-title-line-height:var(--h2_typography-line-height);--awb-caption-title-letter-spacing:var(--h2_typography-letter-spacing);\"><span class=\" fusion-imageframe imageframe-none imageframe-1 hover-type-none\"><img decoding=\"async\" width=\"1892\" height=\"814\" title=\"sanlorenzo-news\" src=\"https:\/\/sea-tec.it\/wp-content\/uploads\/2025\/01\/sanlorenzo-news.jpg\" data-orig-src=\"https:\/\/sea-tec.it\/wp-content\/uploads\/2025\/01\/sanlorenzo-news.jpg\" alt class=\"lazyload img-responsive wp-image-5683\" srcset=\"data:image\/svg+xml,%3Csvg%20xmlns%3D%27http%3A%2F%2Fwww.w3.org%2F2000%2Fsvg%27%20width%3D%271892%27%20height%3D%27814%27%20viewBox%3D%270%200%201892%20814%27%3E%3Crect%20width%3D%271892%27%20height%3D%27814%27%20fill-opacity%3D%220%22%2F%3E%3C%2Fsvg%3E\" data-srcset=\"https:\/\/sea-tec.it\/wp-content\/uploads\/2025\/01\/sanlorenzo-news-200x86.jpg 200w, https:\/\/sea-tec.it\/wp-content\/uploads\/2025\/01\/sanlorenzo-news-400x172.jpg 400w, https:\/\/sea-tec.it\/wp-content\/uploads\/2025\/01\/sanlorenzo-news-600x258.jpg 600w, https:\/\/sea-tec.it\/wp-content\/uploads\/2025\/01\/sanlorenzo-news-800x344.jpg 800w, https:\/\/sea-tec.it\/wp-content\/uploads\/2025\/01\/sanlorenzo-news-1200x516.jpg 1200w, https:\/\/sea-tec.it\/wp-content\/uploads\/2025\/01\/sanlorenzo-news.jpg 1892w\" data-sizes=\"auto\" data-orig-sizes=\"(max-width: 1024px) 100vw, (max-width: 640px) 100vw, 1892px\" \/><\/span><\/div><br><div class=\"fusion-title title fusion-title-1 fusion-sep-none fusion-title-center fusion-title-text fusion-title-size-two fusion-animated\" style=\"--awb-text-color:var(--awb-color6);--awb-margin-top:30px;--awb-margin-top-small:0px;--awb-margin-right-small:0px;--awb-margin-bottom-small:20px;--awb-margin-left-small:0px;--awb-font-size:32px;\" data-animationType=\"fadeInDown\" data-animationDuration=\"1.1\" data-animationOffset=\"top-into-view\"><h2 class=\"fusion-title-heading title-heading-center fusion-responsive-typography-calculated\" style=\"font-family:&quot;Rubik&quot;;font-style:normal;font-weight:300;margin:0;letter-spacing:1.1px;font-size:1em;--fontSize:32;line-height:var(--awb-typography1-line-height);\"><p class=\"p1\" style=\"text-align: center;\">SANLORENZO E MAN SVELANO IL PRIMO SUPERYACHT BI-FUEL A METANOLO VERDE<\/p><\/h2><\/div><br><div class=\"fusion-text fusion-text-1 fusion-animated\" style=\"--awb-font-size:21px;--awb-text-transform:none;\" data-animationType=\"fadeInDown\" data-animationDuration=\"1.3\" data-animationOffset=\"top-into-view\"><p>Sanlorenzo, in collaborazione con MAN, ha svelato ulteriori dettagli del suo nuovo sistema di propulsione bi-fuel a metanolo verde per yacht. Questo sistema bi-fuel, presentato durante una conferenza stampa al boot di D\u00fcsseldorf il 21 gennaio 2025, sar\u00e0 installato sul nuovo modello 50 X-Space e pu\u00f2 potenzialmente ridurre le emissioni durante la navigazione fino al 70 percento.<br \/>\n<strong><br \/>\nYacht 50 X-Space<\/strong><br \/>\nMassimo Perotti, presidente esecutivo e CEO del Gruppo Sanlorenzo, afferma: &#8220;Siamo orgogliosi di presentare oggi, insieme a un importante player globale come MAN, un progetto ambizioso che siamo certi contribuir\u00e0 a rivoluzionare l&#8217;intero settore dello yachting.<br \/>\n&#8220;L&#8217;innovazione \u00e8 sempre stata uno dei valori fondamentali di Sanlorenzo e ancora una volta confermiamo il nostro ruolo di pionieri nell&#8217;introdurre soluzioni tecnologiche all&#8217;avanguardia. In questo senso, il progetto 50 X-Space stabilir\u00e0 un nuovo punto di riferimento per la sostenibilit\u00e0 nello yachting, a vantaggio non solo del settore ma anche oltre&#8221;.<\/p>\n<p>Mikael Lindner, responsabile di MAN Engines, aggiunge: &#8220;In MAN Engines, ci impegniamo a semplificare il business dei nostri clienti attraverso soluzioni sostenibili all\u2019avanguardia. L&#8217;uso di carburanti alternativi, tecnologie ibride e a batteria \u00e8 una parte centrale della nostra trasformazione verde. Siamo lieti di poter contribuire ulteriormente alla riduzione delle emissioni di CO2 in questo progetto con la propulsione bi-fuel a metanolo in collaborazione con Sanlorenzo e i nostri altri partner&#8221;. Nel 2024, Sanlorenzo ha lanciato il modello 50 Steel, dotato di un sistema di celle a combustibile a metanolo verde in grado di generare energia per i servizi di bordo attraverso un processo a zero emissioni di carbonio. \u00c8 stata inoltre introdotta l&#8217;imbarcazione a idrogeno BGH-HSV di Bluegame, che offre zero emissioni con un&#8217;autonomia di 180 miglia e velocit\u00e0 fino a 50 nodi. Questo modello ha supportato due team durante l&#8217;America&#8217;s Cup. Il metanolo \u00e8 stato identificato come un combustibile chiave per il futuro della nautica da diporto grazie alla sua sicurezza, biodegradabilit\u00e0 e facilit\u00e0 di gestione. Gi\u00e0 disponibile in oltre 100 porti, l&#8217;infrastruttura del metanolo richiede un adattamento minimo, rendendola una scelta pratica per il trasporto marittimo sostenibile. Il metanolo verde, prodotto da fonti rinnovabili, offre una cosiddetta soluzione a zero emissioni.<br \/>\nIl superyacht bi-fuel 50 X-Space di Sanlorenzo, il cui varo \u00e8 previsto per il 2027, mira a superare l&#8217;obiettivo dell&#8217;Organizzazione marittima internazionale di una riduzione delle emissioni del 70 percento entro il 2040 e l&#8217;agenda Fit for 55 dell&#8217;Unione europea, che stabilisce un obiettivo di riduzione del 55 percento entro il 2030.<\/p>\n<p>Il sistema di propulsione bi-fuel fa parte del progetto Life Mystic, cofinanziato dall&#8217;Unione europea nell&#8217;ambito del programma LIFE. Tra i collaboratori figurano Ranieri Tonissi, partner di sviluppo di MAN, e Nanni Industries, che fornisce i generatori per lo yacht. Il progetto, con un investimento superiore a 4,8 milioni di euro, \u00e8 coordinato da Sanlorenzo e mira ad adattare le imbarcazioni esistenti a un sistema bi-fuel metanolo-diesel. I benefici previsti includono riduzioni annuali di 150 tonnellate di CO2, 700 MWh di consumo di energia da combustibili fossili e 630 chilogrammi di inquinanti atmosferici. Sanlorenzo riconfigurer\u00e0 i serbatoi di carburante e integrer\u00e0 un sistema di distribuzione per il metanolo per ottenere una conversione bi-fuel completa. Si prevede che questa iniziativa favorir\u00e0 lo sviluppo tecnologico e promuover\u00e0 catene di distribuzione di carburante alternative nel settore marittimo.<\/p>\n<\/div><br><\/div><\/div><\/div><\/div><\/p>\n","protected":false},"excerpt":{"rendered":"","protected":false},"author":1,"featured_media":0,"parent":0,"menu_order":0,"comment_status":"closed","ping_status":"closed","template":"100-width.php","meta":{"_monsterinsights_skip_tracking":false,"_monsterinsights_sitenote_active":false,"_monsterinsights_sitenote_note":"","_monsterinsights_sitenote_category":0,"footnotes":""},"class_list":["post-5682","page","type-page","status-publish","hentry"],"yoast_head":"<!-- This site is optimized with the Yoast SEO plugin v27.4 - https:\/\/yoast.com\/product\/yoast-seo-wordpress\/ -->\r\n<title>Seatec 2025 - News<\/title>\r\n<meta name=\"robots\" content=\"index, follow, max-snippet:-1, max-image-preview:large, max-video-preview:-1\" \/>\r\n<link rel=\"canonical\" href=\"https:\/\/sea-tec.it\/?page_id=5682\" \/>\r\n<meta property=\"og:locale\" content=\"it_IT\" \/>\r\n<meta property=\"og:type\" content=\"article\" \/>\r\n<meta property=\"og:title\" content=\"Seatec 2025 - News\" \/>\r\n<meta property=\"og:url\" content=\"https:\/\/sea-tec.it\/?page_id=5682\" \/>\r\n<meta property=\"og:site_name\" content=\"Seatec\" \/>\r\n<meta name=\"twitter:card\" content=\"summary_large_image\" \/>\r\n<meta name=\"twitter:label1\" content=\"Tempo di lettura stimato\" \/>\n\t<meta name=\"twitter:data1\" content=\"17 minuti\" \/>\r\n<script type=\"application\/ld+json\" class=\"yoast-schema-graph\">{\"@context\":\"https:\\\/\\\/schema.org\",\"@graph\":[{\"@type\":\"WebPage\",\"@id\":\"https:\\\/\\\/sea-tec.it\\\/?page_id=5682\",\"url\":\"https:\\\/\\\/sea-tec.it\\\/?page_id=5682\",\"name\":\"Seatec 2025 - News\",\"isPartOf\":{\"@id\":\"https:\\\/\\\/sea-tec.it\\\/#website\"},\"datePublished\":\"2025-01-30T14:39:17+00:00\",\"breadcrumb\":{\"@id\":\"https:\\\/\\\/sea-tec.it\\\/?page_id=5682#breadcrumb\"},\"inLanguage\":\"it-IT\",\"potentialAction\":[{\"@type\":\"ReadAction\",\"target\":[\"https:\\\/\\\/sea-tec.it\\\/?page_id=5682\"]}]},{\"@type\":\"BreadcrumbList\",\"@id\":\"https:\\\/\\\/sea-tec.it\\\/?page_id=5682#breadcrumb\",\"itemListElement\":[{\"@type\":\"ListItem\",\"position\":1,\"name\":\"Home\",\"item\":\"https:\\\/\\\/sea-tec.it\\\/\"},{\"@type\":\"ListItem\",\"position\":2,\"name\":\"Sanlorenzo 22 gennaio\"}]},{\"@type\":\"WebSite\",\"@id\":\"https:\\\/\\\/sea-tec.it\\\/#website\",\"url\":\"https:\\\/\\\/sea-tec.it\\\/\",\"name\":\"Seatec\",\"description\":\"Mediterranean Marine Tech Event\",\"publisher\":{\"@id\":\"https:\\\/\\\/sea-tec.it\\\/#organization\"},\"potentialAction\":[{\"@type\":\"SearchAction\",\"target\":{\"@type\":\"EntryPoint\",\"urlTemplate\":\"https:\\\/\\\/sea-tec.it\\\/?s={search_term_string}\"},\"query-input\":{\"@type\":\"PropertyValueSpecification\",\"valueRequired\":true,\"valueName\":\"search_term_string\"}}],\"inLanguage\":\"it-IT\"},{\"@type\":\"Organization\",\"@id\":\"https:\\\/\\\/sea-tec.it\\\/#organization\",\"name\":\"Seatec & Compotec Marine\",\"url\":\"https:\\\/\\\/sea-tec.it\\\/\",\"logo\":{\"@type\":\"ImageObject\",\"inLanguage\":\"it-IT\",\"@id\":\"https:\\\/\\\/sea-tec.it\\\/#\\\/schema\\\/logo\\\/image\\\/\",\"url\":\"https:\\\/\\\/sea-tec.it\\\/wp-content\\\/uploads\\\/2024\\\/11\\\/head-seatec-2025-eng.jpg\",\"contentUrl\":\"https:\\\/\\\/sea-tec.it\\\/wp-content\\\/uploads\\\/2024\\\/11\\\/head-seatec-2025-eng.jpg\",\"width\":1920,\"height\":1080,\"caption\":\"Seatec & Compotec Marine\"},\"image\":{\"@id\":\"https:\\\/\\\/sea-tec.it\\\/#\\\/schema\\\/logo\\\/image\\\/\"}}]}<\/script>\r\n<!-- \/ Yoast SEO plugin. -->","yoast_head_json":{"title":"Seatec 2025 - News","robots":{"index":"index","follow":"follow","max-snippet":"max-snippet:-1","max-image-preview":"max-image-preview:large","max-video-preview":"max-video-preview:-1"},"canonical":"https:\/\/sea-tec.it\/?page_id=5682","og_locale":"it_IT","og_type":"article","og_title":"Seatec 2025 - News","og_url":"https:\/\/sea-tec.it\/?page_id=5682","og_site_name":"Seatec","twitter_card":"summary_large_image","twitter_misc":{"Tempo di lettura stimato":"17 minuti"},"schema":{"@context":"https:\/\/schema.org","@graph":[{"@type":"WebPage","@id":"https:\/\/sea-tec.it\/?page_id=5682","url":"https:\/\/sea-tec.it\/?page_id=5682","name":"Seatec 2025 - News","isPartOf":{"@id":"https:\/\/sea-tec.it\/#website"},"datePublished":"2025-01-30T14:39:17+00:00","breadcrumb":{"@id":"https:\/\/sea-tec.it\/?page_id=5682#breadcrumb"},"inLanguage":"it-IT","potentialAction":[{"@type":"ReadAction","target":["https:\/\/sea-tec.it\/?page_id=5682"]}]},{"@type":"BreadcrumbList","@id":"https:\/\/sea-tec.it\/?page_id=5682#breadcrumb","itemListElement":[{"@type":"ListItem","position":1,"name":"Home","item":"https:\/\/sea-tec.it\/"},{"@type":"ListItem","position":2,"name":"Sanlorenzo 22 gennaio"}]},{"@type":"WebSite","@id":"https:\/\/sea-tec.it\/#website","url":"https:\/\/sea-tec.it\/","name":"Seatec","description":"Mediterranean Marine Tech Event","publisher":{"@id":"https:\/\/sea-tec.it\/#organization"},"potentialAction":[{"@type":"SearchAction","target":{"@type":"EntryPoint","urlTemplate":"https:\/\/sea-tec.it\/?s={search_term_string}"},"query-input":{"@type":"PropertyValueSpecification","valueRequired":true,"valueName":"search_term_string"}}],"inLanguage":"it-IT"},{"@type":"Organization","@id":"https:\/\/sea-tec.it\/#organization","name":"Seatec & Compotec Marine","url":"https:\/\/sea-tec.it\/","logo":{"@type":"ImageObject","inLanguage":"it-IT","@id":"https:\/\/sea-tec.it\/#\/schema\/logo\/image\/","url":"https:\/\/sea-tec.it\/wp-content\/uploads\/2024\/11\/head-seatec-2025-eng.jpg","contentUrl":"https:\/\/sea-tec.it\/wp-content\/uploads\/2024\/11\/head-seatec-2025-eng.jpg","width":1920,"height":1080,"caption":"Seatec & Compotec Marine"},"image":{"@id":"https:\/\/sea-tec.it\/#\/schema\/logo\/image\/"}}]}},"_links":{"self":[{"href":"https:\/\/sea-tec.it\/index.php?rest_route=\/wp\/v2\/pages\/5682","targetHints":{"allow":["GET"]}}],"collection":[{"href":"https:\/\/sea-tec.it\/index.php?rest_route=\/wp\/v2\/pages"}],"about":[{"href":"https:\/\/sea-tec.it\/index.php?rest_route=\/wp\/v2\/types\/page"}],"author":[{"embeddable":true,"href":"https:\/\/sea-tec.it\/index.php?rest_route=\/wp\/v2\/users\/1"}],"replies":[{"embeddable":true,"href":"https:\/\/sea-tec.it\/index.php?rest_route=%2Fwp%2Fv2%2Fcomments&post=5682"}],"version-history":[{"count":1,"href":"https:\/\/sea-tec.it\/index.php?rest_route=\/wp\/v2\/pages\/5682\/revisions"}],"predecessor-version":[{"id":5684,"href":"https:\/\/sea-tec.it\/index.php?rest_route=\/wp\/v2\/pages\/5682\/revisions\/5684"}],"wp:attachment":[{"href":"https:\/\/sea-tec.it\/index.php?rest_route=%2Fwp%2Fv2%2Fmedia&parent=5682"}],"curies":[{"name":"wp","href":"https:\/\/api.w.org\/{rel}","templated":true}]}}