{"id":4743,"date":"2023-01-10T13:37:59","date_gmt":"2023-01-10T13:37:59","guid":{"rendered":"https:\/\/sea-tec.it\/?page_id=4743"},"modified":"2023-01-25T22:41:06","modified_gmt":"2023-01-25T22:41:06","slug":"qualitec-design-award-2022-eng-old","status":"publish","type":"page","link":"https:\/\/sea-tec.it\/?page_id=4743&lang=en","title":{"rendered":"QUALITEC DESIGN AWARD 2022 &#8211; ENG OLD"},"content":{"rendered":"<p><div class=\"fusion-fullwidth fullwidth-box fusion-builder-row-1 fusion-flex-container fusion-parallax-none nonhundred-percent-fullwidth non-hundred-percent-height-scrolling lazyload\" style=\"--awb-background-position:center top;--awb-border-radius-top-left:0px;--awb-border-radius-top-right:0px;--awb-border-radius-bottom-right:0px;--awb-border-radius-bottom-left:0px;--awb-padding-top:18%;--awb-padding-bottom:12%;--awb-background-image:linear-gradient(0deg, hsla(var(--awb-color5-h),var(--awb-color5-s),var(--awb-color5-l),calc(var(--awb-color5-a) - 20%)) 0%,hsla(var(--awb-color8-h),var(--awb-color8-s),calc( var(--awb-color8-l) - 20% ),calc( var(--awb-color8-a) - 55% )) 100%);;--awb-background-size:cover;--awb-flex-wrap:wrap;\" data-bg=\"https:\/\/sea-tec.it\/wp-content\/uploads\/2022\/02\/qualitec-tech-header.jpg\" data-bg-gradient=\"linear-gradient(0deg, hsla(var(--awb-color5-h),var(--awb-color5-s),var(--awb-color5-l),calc(var(--awb-color5-a) - 20%)) 0%,hsla(var(--awb-color8-h),var(--awb-color8-s),calc( var(--awb-color8-l) - 20% ),calc( var(--awb-color8-a) - 55% )) 100%)\" ><div class=\"fusion-builder-row fusion-row fusion-flex-align-items-flex-start fusion-flex-content-wrap\" style=\"max-width:calc( 1200px + 0px );margin-left: calc(-0px \/ 2 );margin-right: calc(-0px \/ 2 );\"><div class=\"fusion-layout-column fusion_builder_column fusion-builder-column-0 fusion_builder_column_1_1 1_1 fusion-flex-column fusion-animated\" style=\"--awb-bg-position:center center;--awb-bg-size:cover;--awb-width-large:100%;--awb-margin-top-large:0px;--awb-spacing-right-large:0px;--awb-margin-bottom-large:0px;--awb-spacing-left-large:0px;--awb-width-medium:100%;--awb-spacing-right-medium:0px;--awb-spacing-left-medium:0px;--awb-width-small:100%;--awb-spacing-right-small:0px;--awb-spacing-left-small:0px;\" data-animationType=\"fadeInUp\" data-animationDuration=\"1.0\" data-animationOffset=\"top-into-view\"><div class=\"fusion-column-wrapper fusion-column-has-shadow fusion-flex-justify-content-flex-start fusion-content-layout-column\"><div class=\"fusion-title title fusion-title-1 fusion-sep-none fusion-title-center fusion-title-text fusion-title-size-one\" style=\"--awb-margin-bottom:0px;--awb-margin-top-small:0px;--awb-margin-right-small:0px;--awb-margin-bottom-small:0px;--awb-margin-left-small:0px;\"><h1 class=\"fusion-title-heading title-heading-center fusion-responsive-typography-calculated\" style=\"font-family:&quot;Rubik&quot;;font-style:normal;font-weight:300;margin:0;--fontSize:90;line-height:var(--awb-typography1-line-height);\">QUALITEC DESIGN AWARDS 2022<\/h1><\/div><\/div><\/div><\/div><\/div><div class=\"fusion-fullwidth fullwidth-box fusion-builder-row-2 fusion-flex-container nonhundred-percent-fullwidth non-hundred-percent-height-scrolling\" style=\"--awb-border-radius-top-left:0px;--awb-border-radius-top-right:0px;--awb-border-radius-bottom-right:0px;--awb-border-radius-bottom-left:0px;--awb-padding-top:6%;--awb-flex-wrap:wrap;\" ><div class=\"fusion-builder-row fusion-row fusion-flex-align-items-flex-start fusion-flex-content-wrap\" style=\"max-width:calc( 1200px + 0px );margin-left: calc(-0px \/ 2 );margin-right: calc(-0px \/ 2 );\"><div class=\"fusion-layout-column fusion_builder_column fusion-builder-column-1 fusion_builder_column_1_1 1_1 fusion-flex-column fusion-animated\" style=\"--awb-padding-right:30px;--awb-padding-bottom:20px;--awb-padding-left:30px;--awb-bg-size:cover;--awb-width-large:100%;--awb-margin-top-large:0px;--awb-spacing-right-large:0px;--awb-margin-bottom-large:0px;--awb-spacing-left-large:0px;--awb-width-medium:100%;--awb-order-medium:0;--awb-spacing-right-medium:0px;--awb-spacing-left-medium:0px;--awb-width-small:100%;--awb-order-small:0;--awb-spacing-right-small:0px;--awb-spacing-left-small:0px;\" data-animationType=\"fadeInLeft\" data-animationDuration=\"1.0\" data-animationOffset=\"top-into-view\"><div class=\"fusion-column-wrapper fusion-column-has-shadow fusion-flex-justify-content-flex-start fusion-content-layout-column\"><br><div class=\"fusion-image-element \" style=\"text-align:center;--awb-max-width:200px;--awb-caption-title-font-family:var(--h2_typography-font-family);--awb-caption-title-font-weight:var(--h2_typography-font-weight);--awb-caption-title-font-style:var(--h2_typography-font-style);--awb-caption-title-size:var(--h2_typography-font-size);--awb-caption-title-transform:var(--h2_typography-text-transform);--awb-caption-title-line-height:var(--h2_typography-line-height);--awb-caption-title-letter-spacing:var(--h2_typography-letter-spacing);\"><span class=\" fusion-imageframe imageframe-none imageframe-1 hover-type-none\"><img decoding=\"async\" width=\"219\" height=\"100\" title=\"9097it-qualitec-giallo-1\" src=\"https:\/\/sea-tec.it\/wp-content\/uploads\/2022\/02\/9097it-qualitec-giallo-1.jpeg\" data-orig-src=\"https:\/\/sea-tec.it\/wp-content\/uploads\/2022\/02\/9097it-qualitec-giallo-1.jpeg\" alt class=\"lazyload img-responsive wp-image-4055\" srcset=\"data:image\/svg+xml,%3Csvg%20xmlns%3D%27http%3A%2F%2Fwww.w3.org%2F2000%2Fsvg%27%20width%3D%27219%27%20height%3D%27100%27%20viewBox%3D%270%200%20219%20100%27%3E%3Crect%20width%3D%27219%27%20height%3D%27100%27%20fill-opacity%3D%220%22%2F%3E%3C%2Fsvg%3E\" data-srcset=\"https:\/\/sea-tec.it\/wp-content\/uploads\/2022\/02\/9097it-qualitec-giallo-1-200x91.jpeg 200w, https:\/\/sea-tec.it\/wp-content\/uploads\/2022\/02\/9097it-qualitec-giallo-1.jpeg 219w\" data-sizes=\"auto\" data-orig-sizes=\"(max-width: 1024px) 100vw, (max-width: 640px) 100vw, 219px\" \/><\/span><\/div><br><div class=\"fusion-text fusion-text-1 fusion-animated\" style=\"--awb-font-size:21px;--awb-text-transform:none;\" data-animationType=\"fadeInDown\" data-animationDuration=\"1.3\" data-animationOffset=\"top-into-view\"><p style=\"text-align: center;\">Il Qualitec Design Award \u00e8 un premio riservato agli oggetti della\u00a0<strong>componentistica<\/strong>\u00a0e d\u2019<strong>arredo<\/strong>, selezionati e proposti dagli Espositori che meglio concorrono, nell\u2019<strong>eccellenza del design<\/strong>, alla\u00a0<strong>qualit\u00e0<\/strong>\u00a0della\u00a0<strong>vita a bordo<\/strong>.<\/p>\n<p style=\"text-align: center;\">The<strong> Qualitec Design Award<\/strong> is an award reserved for items of components and furnishings, selected and proposed by the Exhibitors who contribute in design excellence and in the quality of life on board.<\/p>\n<\/div><\/div><\/div><\/div><\/div><div class=\"fusion-fullwidth fullwidth-box fusion-builder-row-3 fusion-flex-container fusion-parallax-none hundred-percent-fullwidth non-hundred-percent-height-scrolling lazyload\" style=\"--awb-border-radius-top-left:0px;--awb-border-radius-top-right:0px;--awb-border-radius-bottom-right:0px;--awb-border-radius-bottom-left:0px;--awb-padding-right:10%;--awb-padding-bottom:8%;--awb-padding-left:10%;--awb-background-color:rgba(82,190,236,0);--awb-background-image:linear-gradient(0deg, var(--awb-color6) 0%,rgba(50,148,210,0.53) 80%);;--awb-background-size:cover;--awb-flex-wrap:wrap;\" data-bg=\"https:\/\/sea-tec.it\/wp-content\/uploads\/2022\/01\/pexels-johannes-plenio-1103970-scaled.jpg\" data-bg-gradient=\"linear-gradient(0deg, var(--awb-color6) 0%,rgba(50,148,210,0.53) 80%)\" ><div class=\"fusion-builder-row fusion-row fusion-flex-align-items-flex-start fusion-flex-content-wrap\" style=\"width:104% !important;max-width:104% !important;margin-left: calc(-4% \/ 2 );margin-right: calc(-4% \/ 2 );\"><div class=\"fusion-layout-column fusion_builder_column fusion-builder-column-2 fusion_builder_column_1_1 1_1 fusion-flex-column fusion-animated\" style=\"--awb-padding-bottom:60px;--awb-bg-size:cover;--awb-width-large:100%;--awb-margin-top-large:0px;--awb-spacing-right-large:1.92%;--awb-margin-bottom-large:0px;--awb-spacing-left-large:1.92%;--awb-width-medium:100%;--awb-spacing-right-medium:1.92%;--awb-spacing-left-medium:1.92%;--awb-width-small:100%;--awb-spacing-right-small:1.92%;--awb-spacing-left-small:1.92%;\" data-animationType=\"fadeInDown\" data-animationDuration=\"1.0\" data-animationOffset=\"top-into-view\"><div class=\"fusion-column-wrapper fusion-column-has-shadow fusion-flex-justify-content-flex-start fusion-content-layout-column\"><div class=\"fusion-section-separator section-separator hills-opacity fusion-section-separator-1\" style=\"--awb-spacer-padding-top:17.7734375%;--awb-svg-margin-left:1.92%;--awb-svg-margin-right:1.92%;--awb-svg-margin-left-medium:1.92%;--awb-svg-margin-right-medium:1.92%;--awb-svg-margin-left-small:1.92%;--awb-svg-margin-right-small:1.92%;--awb-sep-font-size:0;--awb-sep-line-height:0;\"><div class=\"fusion-section-separator-svg\"><svg class=\"fusion-hills-opacity-candy\" xmlns=\"http:\/\/www.w3.org\/2000\/svg\" version=\"1.1\" width=\"100%\" viewBox=\"0 0 1024 182\" preserveAspectRatio=\"none\" fill=\"rgba(255,255,255,1)\"><path class=\"st0\" d=\"M0 0h1024v140.5C995.9 162 963.9 178 926.9 178c-112.8 0-198.1-93.8-289.8-93.8s-199.5 91-285.3 91-142.2-82.1-238.5-82.1c-63.1 0-75.7 31.6-113.3 53.6V0z\"\/>\n\t\t\t\t\t\t\t\t\t<path class=\"st1\" d=\"M1024 0v75.9C984.3 60 942.2 48.6 905.3 50.1c-110.4 4.5-191.8 109.8-325.5 116.2C470.6 171.5 235.6 46.1 150.3 0H1024z\"\/>\n\t\t\t\t\t\t\t\t\t<path class=\"st2\" d=\"M0 0h1024v92c-57.5 30.9-116.9 73.7-199.9 75-133.8 2-158.9-87.9-342-87.9S202.1 183.7 74.2 182c-27.8-.3-52.4-4.2-74.2-9.7V0z\"\/>\n\t\t\t\t\t\t\t\t\t<path class=\"st3\" d=\"M0 0h1024v101.6C986.8 82 943.3 66.3 884.4 65.4 733.3 63 742.8 94 585.9 94.6S447 47.6 280.4 50.9C132.8 53.6 91.2 137.5 0 154V0z\"\/>\n\t\t\t\t\t\t\t\t\t<path class=\"st4\" d=\"M0 0h1024v77.3c-49-20.1-120.5-42.4-193.2-42.1-128.9.5-159.8 72.3-255.8 72.3-89.1 0-134.7-80.2-245-82-110.4-1.8-160.9 57.2-280 59.2-17.2.3-33.9-1.8-50-5.7V0z\"\/>\n\t\t\t\t\t\t\t\t<\/svg><\/div><div class=\"fusion-section-separator-spacer\"><div class=\"fusion-section-separator-spacer-height\"><\/div><\/div><\/div><\/div><\/div><div class=\"fusion-layout-column fusion_builder_column fusion-builder-column-3 fusion_builder_column_1_2 1_2 fusion-flex-column\" style=\"--awb-bg-size:cover;--awb-width-large:50%;--awb-margin-top-large:0px;--awb-spacing-right-large:3.84%;--awb-margin-bottom-large:0px;--awb-spacing-left-large:3.84%;--awb-width-medium:100%;--awb-order-medium:0;--awb-spacing-right-medium:1.92%;--awb-spacing-left-medium:1.92%;--awb-width-small:100%;--awb-order-small:0;--awb-spacing-right-small:1.92%;--awb-spacing-left-small:1.92%;\"><div class=\"fusion-column-wrapper fusion-column-has-shadow fusion-flex-justify-content-flex-start fusion-content-layout-column\"><div class=\"fusion-content-boxes content-boxes columns row fusion-columns-1 fusion-columns-total-1 fusion-content-boxes-1 content-boxes-clean-vertical content-left content-boxes-icon-on-top\" style=\"--awb-hover-accent-color:var(--awb-color4);--awb-circle-hover-accent-color:var(--awb-color4);--awb-item-margin-bottom:40px;\" data-animationOffset=\"top-into-view\"><div style=\"--awb-backgroundcolor:var(--awb-color2);border-color:rgba(255,255,255,0);\" class=\"fusion-column content-box-column content-box-column content-box-column-1 col-lg-12 col-md-12 col-sm-12 fusion-content-box-hover content-box-column-last content-box-column-last-in-row\"><div class=\"col content-box-wrapper content-wrapper-background link-area-link-icon icon-hover-animation-pulsate\" data-animationOffset=\"top-into-view\"><div class=\"heading heading-with-icon icon-left\"><div aria-hidden=\"true\" class=\"image\"><img decoding=\"async\" class=\"lazyload\" src=\"data:image\/svg+xml,%3Csvg%20xmlns%3D%27http%3A%2F%2Fwww.w3.org%2F2000%2Fsvg%27%20width%3D%271000%27%20height%3D%271687%27%20viewBox%3D%270%200%201000%201687%27%3E%3Crect%20width%3D%271000%27%20height%3D%271687%27%20fill-opacity%3D%220%22%2F%3E%3C%2Fsvg%3E\" data-orig-src=\"https:\/\/sea-tec.it\/wp-content\/uploads\/2022\/03\/opacmare.jpg\" width=\"1000\" height=\"1687\" alt=\"\" \/><\/div><h2 class=\"content-box-heading fusion-responsive-typography-calculated\" style=\"--h2_typography-font-size:20px;--fontSize:20;line-height:var(--awb-typography1-line-height);\">EVO STEP 5290 - Vincitore\/Winner<\/h2><\/div><div class=\"fusion-clearfix\"><\/div><div class=\"content-container\">\n<p class=\"p1\">Azienda\/Company: Opacmare<\/p>\n<p class=\"p1\">OPACMARE porta al SEATEC 2022 una scaletta oleodinamica multifunzione pensata per l\u2019applicazione allo specchio di poppa di piccole imbarcazioni e gommoni, avvalendosi della ormai ben consolidata tecnologia di movimentazione idraulica gi\u00e0 presente in molti dei prodotti che hanno reso famoso il marchio. Design elegante e funzionale, movimentazione rapida e fluida, particolari e finiture curati.<br \/>\nLa possibilit\u00e0 di utilizzare questo prodotto sia come scaletta da bagno (ampiamente pi\u00f9 comoda e sicura rispetto alle soluzioni tradizionali), come passerella o scala di accesso bordo\/banchina, ne fa un elemento accessorio che accresce la godibilit\u00e0 ed il valore del mezzo nautico, seppur di dimensioni contenute.<br \/>\nL\u2019interfaccia di dimensioni molto limitate con lo specchio di poppa, su cui si deve realizzare questa installazione, risolve ed agevola il montaggio anche su unit\u00e0 di dimensioni contenute e con motorizzazioni fuoribordo.<br \/>\nL\u2019amplissima esperienza di OPACMARE in questo specifico segmento di mercato degli accessori nautici complessi, \u00e8 garanzia di buona e solida costruzione, di funzionalit\u00e0 durevole e sicura, pur in un ambiente cos\u00ec severo come \u00e8 quello marino, ed ha meritato dunque l\u2019attenzione della Giuria del premio Qualitec Design.<\/p>\n<p class=\"p1\"><em>OPACMARE presents at SEATEC 2022 a multi-function hydraulic ladder designed for the application in the transom of small boats and dinghies, making use of the now well-established hydraulic handling technology already present in many of the products that made the brand famous. Elegant and functional design, rapid and fluid handling, special and cured finishes.<\/em><br \/>\n<em>The possibility of using this product is as a bathroom ladder (widely more convenient and safe than traditional solutions), as a gangway or border \/ quay access ladder, makes it an accessory element that increases the enjoyability and value of the nautical vehicle, although of dimensions contained.<\/em><br \/>\n<em>The very limited size interface with the transom, on which this installation must be carried out, resolves and facilitates the assembly even on units of small dimensions and with outboard motorizations.<\/em><br \/>\n<em>The very wide experience of OPACMARE in this specific market segment of complex nautical accessories, is a guarantee of good and solid construction, durable and safe functionality, even in such a severe environment as is the marine one, and therefore deserved the attention of the Qualitec Design award jury.<\/em><\/p>\n<\/div><\/div><\/div><div class=\"fusion-clearfix\"><\/div><\/div><\/div><\/div><div class=\"fusion-layout-column fusion_builder_column fusion-builder-column-4 fusion_builder_column_1_2 1_2 fusion-flex-column\" style=\"--awb-bg-size:cover;--awb-width-large:50%;--awb-margin-top-large:0px;--awb-spacing-right-large:3.84%;--awb-margin-bottom-large:0px;--awb-spacing-left-large:3.84%;--awb-width-medium:100%;--awb-order-medium:0;--awb-spacing-right-medium:1.92%;--awb-spacing-left-medium:1.92%;--awb-width-small:100%;--awb-order-small:0;--awb-spacing-right-small:1.92%;--awb-spacing-left-small:1.92%;\"><div class=\"fusion-column-wrapper fusion-column-has-shadow fusion-flex-justify-content-flex-start fusion-content-layout-column\"><div class=\"fusion-content-boxes content-boxes columns row fusion-columns-1 fusion-columns-total-1 fusion-content-boxes-2 content-boxes-clean-vertical content-left content-boxes-icon-on-top\" style=\"--awb-hover-accent-color:var(--awb-color4);--awb-circle-hover-accent-color:var(--awb-color4);--awb-item-margin-bottom:40px;\" data-animationOffset=\"top-into-view\"><div style=\"--awb-backgroundcolor:var(--awb-color2);border-color:rgba(255,255,255,0);\" class=\"fusion-column content-box-column content-box-column content-box-column-1 col-lg-12 col-md-12 col-sm-12 fusion-content-box-hover content-box-column-last content-box-column-last-in-row\"><div class=\"col content-box-wrapper content-wrapper-background link-area-link-icon icon-hover-animation-pulsate\" data-animationOffset=\"top-into-view\"><div class=\"heading heading-with-icon icon-left\"><div aria-hidden=\"true\" class=\"image\"><img decoding=\"async\" class=\"lazyload\" src=\"data:image\/svg+xml,%3Csvg%20xmlns%3D%27http%3A%2F%2Fwww.w3.org%2F2000%2Fsvg%27%20width%3D%271000%27%20height%3D%271687%27%20viewBox%3D%270%200%201000%201687%27%3E%3Crect%20width%3D%271000%27%20height%3D%271687%27%20fill-opacity%3D%220%22%2F%3E%3C%2Fsvg%3E\" data-orig-src=\"https:\/\/sea-tec.it\/wp-content\/uploads\/2022\/03\/superfici.jpg\" width=\"1000\" height=\"1687\" alt=\"\" \/><\/div><h2 class=\"content-box-heading fusion-responsive-typography-calculated\" style=\"--h2_typography-font-size:20px;--fontSize:20;line-height:var(--awb-typography1-line-height);\">Volante generativo PLA - Menzione speciale\/Special Mention<\/h2><\/div><div class=\"fusion-clearfix\"><\/div><div class=\"content-container\">\n<p class=\"p1\">Azienda\/Company: Superfici S.r.l.<\/p>\n<p class=\"p1\">Una menzione speciale per il prodotto \u201cVolante integrato\u201d<span class=\"Apple-converted-space\">\u00a0 <\/span>dalla ditta \u201cSuperfici\u201d.<br \/>\nLa soluzione proposta \u00e8 un prototipo in fase di ingegnerizzazione che richiama un concetto molto famoso applicata ad un\u2019auto iconica \u201cMaserati Boomerang\u201d ideazione visionaria di Giorgetto Giugiaro 1972 dell Ital Design che, mette al centro la strumentazione come un caccia da guerra con un ingegnoso sistema di mozzo centrale libero da rotazione.<br \/>\nIl prodotto mette in relazione il sistema volante e la strumentazione sinottica integrando le due in unico oggetto, la realizzazione in bracci con struttura a tralicci a sezioni variabili interamente realizzati in pezzo unico in materiale plastico.<br \/>\nLa soluzione proposta valuta la leggerezza di bracci sospesi che supportino il carico di rottura secondo la normativa vigente,interamente prodotto in stampa 3D in PLA, risulta leggero e poco invasivo. Design ancora da affinare e completare per la messa in produzione finale.<br \/>\nApprezzabile l\u2019impegno di questo team di creativi che ogni anno propone soluzioni innovative e sviluppa oggetti esistenti integrando nuove tecnologie di prototipazione a tecniche di stampaggio diretto che permette una notevole riduzione di costi in fase di produzione ed una libert\u00e0 di stile e design da parte del committente o designer.<br \/>\nA special mention for the &#8220;Integrated steering wheel&#8221; product from \u201cSuperfici\u201d company.<\/p>\n<p class=\"p1\"><em>The proposed solution is a prototype in the engineering phase that recalls a very famous concept applied to a iconic car &#8220;Maserati Boomerang&#8221; visionary conception of Giorgetto Giugiaro 1972 Dell Ital Design which, puts the instrumentation to the center as a war hunt with an ingenious free rotation central hub system.<\/em><br \/>\n<em>The product relates the steering wheel system and the synoptic instrumentation by integrating the two in the single object, the embodiment in arms with trellet structure with variable sections entirely made of a single piece in plastic material.<\/em><br \/>\n<em>The proposed solution evaluates the lightness of suspended arms that support the breaking load according to the current legislation, fully produced in 3D printing in PLA, is light and not very invasive. Design still to be refined and completing for final production.<\/em><br \/>\n<em>Appreciable the commitment of this team of creative that every year proposes innovative solutions and develops existing objects by integrating new prototyping technologies to direct molding techniques that allows a considerable reduction in production costs and a freedom of style and design by the customer or designer.<\/em><\/p>\n<\/div><\/div><\/div><div class=\"fusion-clearfix\"><\/div><\/div><\/div><\/div><\/div><\/div><\/p>\n","protected":false},"excerpt":{"rendered":"","protected":false},"author":1,"featured_media":0,"parent":0,"menu_order":0,"comment_status":"closed","ping_status":"closed","template":"100-width.php","meta":{"_monsterinsights_skip_tracking":false,"_monsterinsights_sitenote_active":false,"_monsterinsights_sitenote_note":"","_monsterinsights_sitenote_category":0,"footnotes":""},"class_list":["post-4743","page","type-page","status-publish","hentry"],"yoast_head":"<!-- This site is optimized with the Yoast SEO plugin v27.4 - https:\/\/yoast.com\/product\/yoast-seo-wordpress\/ -->\r\n<title>QUALITEC DESIGN AWARD 2022 - ENG OLD - Seatec<\/title>\r\n<meta name=\"robots\" content=\"index, follow, max-snippet:-1, max-image-preview:large, max-video-preview:-1\" \/>\r\n<link rel=\"canonical\" href=\"https:\/\/sea-tec.it\/?page_id=4743&lang=en\" \/>\r\n<meta property=\"og:locale\" content=\"it_IT\" \/>\r\n<meta property=\"og:type\" content=\"article\" \/>\r\n<meta property=\"og:title\" content=\"QUALITEC DESIGN AWARD 2022 - ENG OLD - Seatec\" \/>\r\n<meta property=\"og:url\" content=\"https:\/\/sea-tec.it\/?page_id=4743&amp;lang=en\" \/>\r\n<meta property=\"og:site_name\" content=\"Seatec\" \/>\r\n<meta property=\"article:modified_time\" content=\"2023-01-25T22:41:06+00:00\" \/>\r\n<meta name=\"twitter:card\" content=\"summary_large_image\" \/>\r\n<meta name=\"twitter:label1\" content=\"Tempo di lettura stimato\" \/>\n\t<meta name=\"twitter:data1\" content=\"19 minuti\" \/>\r\n<script type=\"application\/ld+json\" class=\"yoast-schema-graph\">{\"@context\":\"https:\\\/\\\/schema.org\",\"@graph\":[{\"@type\":\"WebPage\",\"@id\":\"https:\\\/\\\/sea-tec.it\\\/?page_id=4743&lang=en\",\"url\":\"https:\\\/\\\/sea-tec.it\\\/?page_id=4743&lang=en\",\"name\":\"QUALITEC DESIGN AWARD 2022 - ENG OLD - Seatec\",\"isPartOf\":{\"@id\":\"https:\\\/\\\/sea-tec.it\\\/#website\"},\"datePublished\":\"2023-01-10T13:37:59+00:00\",\"dateModified\":\"2023-01-25T22:41:06+00:00\",\"breadcrumb\":{\"@id\":\"https:\\\/\\\/sea-tec.it\\\/?page_id=4743&lang=en#breadcrumb\"},\"inLanguage\":\"it-IT\",\"potentialAction\":[{\"@type\":\"ReadAction\",\"target\":[\"https:\\\/\\\/sea-tec.it\\\/?page_id=4743&lang=en\"]}]},{\"@type\":\"BreadcrumbList\",\"@id\":\"https:\\\/\\\/sea-tec.it\\\/?page_id=4743&lang=en#breadcrumb\",\"itemListElement\":[{\"@type\":\"ListItem\",\"position\":1,\"name\":\"Home\",\"item\":\"https:\\\/\\\/sea-tec.it\\\/\"},{\"@type\":\"ListItem\",\"position\":2,\"name\":\"QUALITEC DESIGN AWARD 2022 &#8211; ENG OLD\"}]},{\"@type\":\"WebSite\",\"@id\":\"https:\\\/\\\/sea-tec.it\\\/#website\",\"url\":\"https:\\\/\\\/sea-tec.it\\\/\",\"name\":\"Seatec\",\"description\":\"Mediterranean Marine Tech Event\",\"publisher\":{\"@id\":\"https:\\\/\\\/sea-tec.it\\\/#organization\"},\"potentialAction\":[{\"@type\":\"SearchAction\",\"target\":{\"@type\":\"EntryPoint\",\"urlTemplate\":\"https:\\\/\\\/sea-tec.it\\\/?s={search_term_string}\"},\"query-input\":{\"@type\":\"PropertyValueSpecification\",\"valueRequired\":true,\"valueName\":\"search_term_string\"}}],\"inLanguage\":\"it-IT\"},{\"@type\":\"Organization\",\"@id\":\"https:\\\/\\\/sea-tec.it\\\/#organization\",\"name\":\"Seatec & Compotec Marine\",\"url\":\"https:\\\/\\\/sea-tec.it\\\/\",\"logo\":{\"@type\":\"ImageObject\",\"inLanguage\":\"it-IT\",\"@id\":\"https:\\\/\\\/sea-tec.it\\\/#\\\/schema\\\/logo\\\/image\\\/\",\"url\":\"https:\\\/\\\/sea-tec.it\\\/wp-content\\\/uploads\\\/2024\\\/11\\\/head-seatec-2025-eng.jpg\",\"contentUrl\":\"https:\\\/\\\/sea-tec.it\\\/wp-content\\\/uploads\\\/2024\\\/11\\\/head-seatec-2025-eng.jpg\",\"width\":1920,\"height\":1080,\"caption\":\"Seatec & Compotec Marine\"},\"image\":{\"@id\":\"https:\\\/\\\/sea-tec.it\\\/#\\\/schema\\\/logo\\\/image\\\/\"}}]}<\/script>\r\n<!-- \/ Yoast SEO plugin. -->","yoast_head_json":{"title":"QUALITEC DESIGN AWARD 2022 - ENG OLD - Seatec","robots":{"index":"index","follow":"follow","max-snippet":"max-snippet:-1","max-image-preview":"max-image-preview:large","max-video-preview":"max-video-preview:-1"},"canonical":"https:\/\/sea-tec.it\/?page_id=4743&lang=en","og_locale":"it_IT","og_type":"article","og_title":"QUALITEC DESIGN AWARD 2022 - ENG OLD - Seatec","og_url":"https:\/\/sea-tec.it\/?page_id=4743&lang=en","og_site_name":"Seatec","article_modified_time":"2023-01-25T22:41:06+00:00","twitter_card":"summary_large_image","twitter_misc":{"Tempo di lettura stimato":"19 minuti"},"schema":{"@context":"https:\/\/schema.org","@graph":[{"@type":"WebPage","@id":"https:\/\/sea-tec.it\/?page_id=4743&lang=en","url":"https:\/\/sea-tec.it\/?page_id=4743&lang=en","name":"QUALITEC DESIGN AWARD 2022 - ENG OLD - Seatec","isPartOf":{"@id":"https:\/\/sea-tec.it\/#website"},"datePublished":"2023-01-10T13:37:59+00:00","dateModified":"2023-01-25T22:41:06+00:00","breadcrumb":{"@id":"https:\/\/sea-tec.it\/?page_id=4743&lang=en#breadcrumb"},"inLanguage":"it-IT","potentialAction":[{"@type":"ReadAction","target":["https:\/\/sea-tec.it\/?page_id=4743&lang=en"]}]},{"@type":"BreadcrumbList","@id":"https:\/\/sea-tec.it\/?page_id=4743&lang=en#breadcrumb","itemListElement":[{"@type":"ListItem","position":1,"name":"Home","item":"https:\/\/sea-tec.it\/"},{"@type":"ListItem","position":2,"name":"QUALITEC DESIGN AWARD 2022 &#8211; ENG OLD"}]},{"@type":"WebSite","@id":"https:\/\/sea-tec.it\/#website","url":"https:\/\/sea-tec.it\/","name":"Seatec","description":"Mediterranean Marine Tech Event","publisher":{"@id":"https:\/\/sea-tec.it\/#organization"},"potentialAction":[{"@type":"SearchAction","target":{"@type":"EntryPoint","urlTemplate":"https:\/\/sea-tec.it\/?s={search_term_string}"},"query-input":{"@type":"PropertyValueSpecification","valueRequired":true,"valueName":"search_term_string"}}],"inLanguage":"it-IT"},{"@type":"Organization","@id":"https:\/\/sea-tec.it\/#organization","name":"Seatec & Compotec Marine","url":"https:\/\/sea-tec.it\/","logo":{"@type":"ImageObject","inLanguage":"it-IT","@id":"https:\/\/sea-tec.it\/#\/schema\/logo\/image\/","url":"https:\/\/sea-tec.it\/wp-content\/uploads\/2024\/11\/head-seatec-2025-eng.jpg","contentUrl":"https:\/\/sea-tec.it\/wp-content\/uploads\/2024\/11\/head-seatec-2025-eng.jpg","width":1920,"height":1080,"caption":"Seatec & Compotec Marine"},"image":{"@id":"https:\/\/sea-tec.it\/#\/schema\/logo\/image\/"}}]}},"_links":{"self":[{"href":"https:\/\/sea-tec.it\/index.php?rest_route=\/wp\/v2\/pages\/4743","targetHints":{"allow":["GET"]}}],"collection":[{"href":"https:\/\/sea-tec.it\/index.php?rest_route=\/wp\/v2\/pages"}],"about":[{"href":"https:\/\/sea-tec.it\/index.php?rest_route=\/wp\/v2\/types\/page"}],"author":[{"embeddable":true,"href":"https:\/\/sea-tec.it\/index.php?rest_route=\/wp\/v2\/users\/1"}],"replies":[{"embeddable":true,"href":"https:\/\/sea-tec.it\/index.php?rest_route=%2Fwp%2Fv2%2Fcomments&post=4743"}],"version-history":[{"count":1,"href":"https:\/\/sea-tec.it\/index.php?rest_route=\/wp\/v2\/pages\/4743\/revisions"}],"predecessor-version":[{"id":4744,"href":"https:\/\/sea-tec.it\/index.php?rest_route=\/wp\/v2\/pages\/4743\/revisions\/4744"}],"wp:attachment":[{"href":"https:\/\/sea-tec.it\/index.php?rest_route=%2Fwp%2Fv2%2Fmedia&parent=4743"}],"curies":[{"name":"wp","href":"https:\/\/api.w.org\/{rel}","templated":true}]}}